{"id":94,"date":"2026-03-12T15:12:56","date_gmt":"2026-03-12T15:12:56","guid":{"rendered":"https:\/\/feelharmonic.fr\/?page_id=94"},"modified":"2026-03-18T13:44:53","modified_gmt":"2026-03-18T13:44:53","slug":"geobiologie-soin-de-lhabitat","status":"publish","type":"page","link":"https:\/\/feelharmonic.fr\/index.php\/geobiologie-soin-de-lhabitat\/","title":{"rendered":"G\u00c9OBIOLOGIE, SOIN DE L&rsquo;HABITAT"},"content":{"rendered":"\n<p class=\"has-text-align-center has-vivid-red-color has-text-color has-link-color wp-elements-b448f694c9c8890994f0d0975c5d377c\"> G\u00e9obiologie &#8211; Nettoyages \u00e9nerg\u00e9tiques de l&rsquo;Habitat<\/p>\n\n\n\n<hr class=\"wp-block-separator has-alpha-channel-opacity\"\/>\n\n\n<div class=\"wp-block-image\">\n<figure class=\"aligncenter size-full is-resized\"><img loading=\"lazy\" decoding=\"async\" width=\"2560\" height=\"1441\" src=\"https:\/\/feelharmonic.fr\/wp-content\/uploads\/2026\/03\/IMG_20260318_120755-scaled.jpg\" alt=\"\" class=\"wp-image-209\" style=\"width:350px;height:auto\" srcset=\"https:\/\/feelharmonic.fr\/wp-content\/uploads\/2026\/03\/IMG_20260318_120755-scaled.jpg 2560w, https:\/\/feelharmonic.fr\/wp-content\/uploads\/2026\/03\/IMG_20260318_120755-300x169.jpg 300w, https:\/\/feelharmonic.fr\/wp-content\/uploads\/2026\/03\/IMG_20260318_120755-1024x576.jpg 1024w, https:\/\/feelharmonic.fr\/wp-content\/uploads\/2026\/03\/IMG_20260318_120755-768x432.jpg 768w, https:\/\/feelharmonic.fr\/wp-content\/uploads\/2026\/03\/IMG_20260318_120755-1536x864.jpg 1536w, https:\/\/feelharmonic.fr\/wp-content\/uploads\/2026\/03\/IMG_20260318_120755-2048x1153.jpg 2048w, https:\/\/feelharmonic.fr\/wp-content\/uploads\/2026\/03\/IMG_20260318_120755-1140x642.jpg 1140w\" sizes=\"auto, (max-width: 2560px) 100vw, 2560px\" \/><\/figure>\n<\/div>\n\n\n<hr class=\"wp-block-separator has-alpha-channel-opacity\"\/>\n\n\n\n<p><br><\/p>\n\n\n\n<h2 class=\"wp-block-heading has-text-align-center has-vivid-red-color has-text-color has-link-color wp-elements-2413ced3c1f85dd133722e8149a3ae20\">Revitalisation et redynamisation des lieux<\/h2>\n\n\n\n<p class=\"has-text-align-center\"><\/p>\n\n\n\n<p><br>Troubles d\u2019origine g\u00e9ophysique, spirituelle, m\u00e9moire des lieux qui perturbent votre bien-\u00eatre et l\u2019\u00e9quilibre de votre espace.<\/p>\n\n\n\n<p>Stress, fatigue, insomnie, mal \u00eatre ressenti dans votre lieu de vie, de travail ou de cr\u00e9ation, sensation de pr\u00e9sences importunes, de blocage dans la circulation de l\u2019\u00e9nergie\u2026<\/p>\n\n\n\n<p>La g\u00e9obiologie a pour objectif d&rsquo;analyser un lieu de vie, de travail, de loisirs aux regards de la sant\u00e9 du confort et du bien-\u00eatre.<\/p>\n\n\n\n<p> L&rsquo;accumulation des rayonnements multiples devient dangereuse, surtout lorsqu&rsquo;ils sont accentu\u00e9s par des anomalies terrestres: cours d&rsquo;eau souterrains, failles, cavit\u00e9s\u2026<br>De plus, il est \u00e9galement important de d\u00e9tecter les r\u00e9seaux g\u00e9omagn\u00e9tiques (Hartmann, Curry\u2026) et autres perturbations plus subtiles, d&rsquo;\u00e9viter de stationner dessus et de corriger leurs effets\/influences pouvant \u00eatre exacerb\u00e9es par le v\u00e9cu des habitants. <br>Ces nocivit\u00e9s d\u00e9tectables, par diff\u00e9rents outils (baguettes, pendules, ressenti), perturbent le fonctionnement de nos cellules internes, allant de maux b\u00e9nins comme des maux de t\u00eates, de la fatigue g\u00e9n\u00e9rale accentu\u00e9e, insomnies, \u00e9nur\u00e9sies, rhumatismes, r\u00e9tentions d&rsquo;eau, rhinopharyngites\u2026 aux maladies plus graves tels que les cancers, d\u00e9pressions, scl\u00e9roses en plaques&#8230;<\/p>\n\n\n\n<p>Examen radiesth\u00e9sique assist\u00e9 de mon ressenti.<\/p>\n\n\n\n<p>Retrouvez la paix, la sant\u00e9, l\u2019\u00e9quilibre et l\u2019harmonie\u2026 par une diffusion d\u2019\u00e9nergie vitale dans votre espace de vie.<br><\/p>\n\n\n\n<p><br><\/p>\n\n\n\n<p><\/p>\n\n\n\n<h2 class=\"wp-block-heading has-text-align-center has-vivid-red-color has-text-color has-link-color wp-elements-d2dfecc0c508f8d81cd70af14df98b5b\">\u00c0 qui s&rsquo;adresse-t-il ?<\/h2>\n\n\n\n<p><strong><br>Achat, construction, mise en vente ou en location, recherche de sources, nettoyages subtils\u2026<\/strong><\/p>\n\n\n\n<p>La g\u00e9obiologie et la radiesth\u00e9sie v\u00e9rifient la sant\u00e9 et la fiabilit\u00e9 de votre environnement et l\u2019am\u00e9liorent en vue d\u2019une meilleur qualit\u00e9 de vie et d\u2019une facilitation lors d\u2019une mise en vente \u00e9ventuelle.<br>&nbsp; <br>Restaurez la dynamique naturelle de votre terrain ou habitat,<\/p>\n\n\n\n<p>R\u00e9veillez et optimisez son potentiel<\/p>\n\n\n\n<h2 class=\"wp-block-heading has-text-align-center has-vivid-red-color has-text-color has-link-color wp-elements-c4fc5a13971852f8dfd8b655cfdc0153\">Tarifs de mes prestations g\u00e9obiologiques<\/h2>\n\n\n\n<p class=\"has-text-align-center\"><\/p>\n\n\n\n<p>C\u2019est avec plaisir que je r\u00e9pondrai aux demandes de particuliers comme de professionnels. &nbsp;<br>Consultations sur rendez-vous<br>Interventions en pr\u00e9sentiel ou distanciels suivant les besoins, la proximit\u00e9 et diff\u00e9rents autres param\u00e8tres \u00e0 quantifier lors d&rsquo;un premier \u00e9change mail ou t\u00e9l\u00e9phonique<\/p>\n\n\n\n<p>Prestations \u00e0 partir de 80\u20ac\/h. Travail sur le lieu (ajoutez frais de d\u00e9placement) ou \u00e0 distance.<\/p>\n\n\n\n<p><\/p>\n\n\n<div class=\"wp-block-image\">\n<figure class=\"aligncenter size-full is-resized\"><img loading=\"lazy\" decoding=\"async\" width=\"405\" height=\"404\" src=\"https:\/\/feelharmonic.fr\/wp-content\/uploads\/2026\/03\/logo.jpg\" alt=\"\" class=\"wp-image-18\" style=\"width:126px;height:auto\" srcset=\"https:\/\/feelharmonic.fr\/wp-content\/uploads\/2026\/03\/logo.jpg 405w, https:\/\/feelharmonic.fr\/wp-content\/uploads\/2026\/03\/logo-300x300.jpg 300w, https:\/\/feelharmonic.fr\/wp-content\/uploads\/2026\/03\/logo-150x150.jpg 150w, https:\/\/feelharmonic.fr\/wp-content\/uploads\/2026\/03\/logo-75x75.jpg 75w\" sizes=\"auto, (max-width: 405px) 100vw, 405px\" \/><\/figure>\n<\/div>\n\n\n<p><\/p>\n","protected":false},"excerpt":{"rendered":"<p>G\u00e9obiologie &#8211; Nettoyages \u00e9nerg\u00e9tiques de l&rsquo;Habitat Revitalisation et redynamisation des lieux Troubles d\u2019origine g\u00e9ophysique, spirituelle, m\u00e9moire des lieux qui perturbent votre bien-\u00eatre et l\u2019\u00e9quilibre de votre espace. Stress, fatigue, insomnie, mal \u00eatre ressenti dans votre lieu de vie, de travail ou de cr\u00e9ation, sensation de pr\u00e9sences importunes, de blocage dans la circulation de l\u2019\u00e9nergie\u2026 La g\u00e9obiologie a pour objectif d&rsquo;analyser un lieu de vie, de travail, de loisirs aux regards de la sant\u00e9 du confort et du bien-\u00eatre. L&rsquo;accumulation des rayonnements multiples devient dangereuse, surtout lorsqu&rsquo;ils sont accentu\u00e9s par des anomalies terrestres: cours d&rsquo;eau souterrains, failles, cavit\u00e9s\u2026De plus, il est \u00e9galement important de d\u00e9tecter les r\u00e9seaux g\u00e9omagn\u00e9tiques (Hartmann, Curry\u2026) et autres perturbations plus subtiles, d&rsquo;\u00e9viter de stationner dessus et de corriger leurs effets\/influences pouvant \u00eatre exacerb\u00e9es par le v\u00e9cu des habitants. Ces nocivit\u00e9s d\u00e9tectables, par diff\u00e9rents outils (baguettes, pendules, ressenti), perturbent le fonctionnement de nos cellules internes, allant de maux b\u00e9nins comme des maux de t\u00eates, de la fatigue g\u00e9n\u00e9rale accentu\u00e9e, insomnies, \u00e9nur\u00e9sies, rhumatismes, r\u00e9tentions d&rsquo;eau, rhinopharyngites\u2026 aux maladies plus graves tels que les cancers, d\u00e9pressions, scl\u00e9roses en plaques&#8230; Examen radiesth\u00e9sique assist\u00e9 de mon ressenti. Retrouvez la paix, la sant\u00e9, l\u2019\u00e9quilibre et l\u2019harmonie\u2026 par une diffusion d\u2019\u00e9nergie vitale dans votre espace de vie. \u00c0 qui s&rsquo;adresse-t-il ? Achat, construction, mise en vente ou en location, recherche de sources, nettoyages subtils\u2026 La g\u00e9obiologie et la radiesth\u00e9sie v\u00e9rifient la sant\u00e9 et la fiabilit\u00e9 de votre environnement et l\u2019am\u00e9liorent en vue d\u2019une meilleur qualit\u00e9 de vie et d\u2019une facilitation lors d\u2019une mise en vente \u00e9ventuelle.&nbsp; Restaurez la dynamique naturelle de votre terrain ou habitat, R\u00e9veillez et optimisez son potentiel Tarifs de mes prestations g\u00e9obiologiques C\u2019est avec plaisir que je r\u00e9pondrai aux demandes de particuliers comme de professionnels. &nbsp;Consultations sur rendez-vousInterventions en pr\u00e9sentiel ou distanciels suivant les besoins, la proximit\u00e9 et diff\u00e9rents autres param\u00e8tres \u00e0 quantifier lors d&rsquo;un premier \u00e9change mail ou t\u00e9l\u00e9phonique Prestations \u00e0 partir de 80\u20ac\/h. Travail sur le lieu (ajoutez frais de d\u00e9placement) ou \u00e0 distance.<\/p>\n","protected":false},"author":1,"featured_media":0,"parent":0,"menu_order":0,"comment_status":"closed","ping_status":"closed","template":"","meta":{"footnotes":""},"class_list":["post-94","page","type-page","status-publish","hentry"],"yoast_head":"<!-- This site is optimized with the Yoast SEO plugin v27.4 - https:\/\/yoast.com\/product\/yoast-seo-wordpress\/ -->\n<title>G\u00c9OBIOLOGIE, SOIN DE L&#039;HABITAT - FEELHARMONIC - MICHEL LATOUCHE<\/title>\n<meta name=\"description\" content=\"g\u00e9obiologie-soins de l&#039;habitat-ondes de forme-nettoyages \u00e9nerg\u00e9tique- r\u00e9\u00e9quilibrage de lieu-Passage d&#039;\u00e2me-Bretagne -Rennes-Redon\" \/>\n<meta name=\"robots\" content=\"index, follow, max-snippet:-1, max-image-preview:large, max-video-preview:-1\" \/>\n<link rel=\"canonical\" href=\"https:\/\/feelharmonic.fr\/index.php\/geobiologie-soin-de-lhabitat\/\" \/>\n<meta property=\"og:locale\" content=\"fr_FR\" \/>\n<meta property=\"og:type\" content=\"article\" \/>\n<meta property=\"og:title\" content=\"G\u00c9OBIOLOGIE, SOIN DE L&#039;HABITAT - FEELHARMONIC - MICHEL LATOUCHE\" \/>\n<meta property=\"og:description\" content=\"g\u00e9obiologie-soins de l&#039;habitat-ondes de forme-nettoyages \u00e9nerg\u00e9tique- r\u00e9\u00e9quilibrage de lieu-Passage d&#039;\u00e2me-Bretagne -Rennes-Redon\" \/>\n<meta property=\"og:url\" content=\"https:\/\/feelharmonic.fr\/index.php\/geobiologie-soin-de-lhabitat\/\" \/>\n<meta property=\"og:site_name\" content=\"FEELHARMONIC - MICHEL LATOUCHE\" \/>\n<meta property=\"article:modified_time\" content=\"2026-03-18T13:44:53+00:00\" \/>\n<meta property=\"og:image\" content=\"https:\/\/feelharmonic.fr\/wp-content\/uploads\/2026\/03\/IMG_20260318_120755-scaled.jpg\" \/>\n\t<meta property=\"og:image:width\" content=\"2560\" \/>\n\t<meta property=\"og:image:height\" content=\"1441\" \/>\n\t<meta property=\"og:image:type\" content=\"image\/jpeg\" \/>\n<meta name=\"twitter:card\" content=\"summary_large_image\" \/>\n<meta name=\"twitter:label1\" content=\"Dur\u00e9e de lecture estim\u00e9e\" \/>\n\t<meta name=\"twitter:data1\" content=\"3 minutes\" \/>\n<script type=\"application\/ld+json\" class=\"yoast-schema-graph\">{\"@context\":\"https:\\\/\\\/schema.org\",\"@graph\":[{\"@type\":\"WebPage\",\"@id\":\"https:\\\/\\\/feelharmonic.fr\\\/index.php\\\/geobiologie-soin-de-lhabitat\\\/\",\"url\":\"https:\\\/\\\/feelharmonic.fr\\\/index.php\\\/geobiologie-soin-de-lhabitat\\\/\",\"name\":\"G\u00c9OBIOLOGIE, SOIN DE L'HABITAT - FEELHARMONIC - MICHEL LATOUCHE\",\"isPartOf\":{\"@id\":\"https:\\\/\\\/feelharmonic.fr\\\/#website\"},\"primaryImageOfPage\":{\"@id\":\"https:\\\/\\\/feelharmonic.fr\\\/index.php\\\/geobiologie-soin-de-lhabitat\\\/#primaryimage\"},\"image\":{\"@id\":\"https:\\\/\\\/feelharmonic.fr\\\/index.php\\\/geobiologie-soin-de-lhabitat\\\/#primaryimage\"},\"thumbnailUrl\":\"https:\\\/\\\/feelharmonic.fr\\\/wp-content\\\/uploads\\\/2026\\\/03\\\/IMG_20260318_120755-scaled.jpg\",\"datePublished\":\"2026-03-12T15:12:56+00:00\",\"dateModified\":\"2026-03-18T13:44:53+00:00\",\"description\":\"g\u00e9obiologie-soins de l'habitat-ondes de forme-nettoyages \u00e9nerg\u00e9tique- r\u00e9\u00e9quilibrage de lieu-Passage d'\u00e2me-Bretagne -Rennes-Redon\",\"breadcrumb\":{\"@id\":\"https:\\\/\\\/feelharmonic.fr\\\/index.php\\\/geobiologie-soin-de-lhabitat\\\/#breadcrumb\"},\"inLanguage\":\"fr-FR\",\"potentialAction\":[{\"@type\":\"ReadAction\",\"target\":[\"https:\\\/\\\/feelharmonic.fr\\\/index.php\\\/geobiologie-soin-de-lhabitat\\\/\"]}]},{\"@type\":\"ImageObject\",\"inLanguage\":\"fr-FR\",\"@id\":\"https:\\\/\\\/feelharmonic.fr\\\/index.php\\\/geobiologie-soin-de-lhabitat\\\/#primaryimage\",\"url\":\"https:\\\/\\\/feelharmonic.fr\\\/wp-content\\\/uploads\\\/2026\\\/03\\\/IMG_20260318_120755-scaled.jpg\",\"contentUrl\":\"https:\\\/\\\/feelharmonic.fr\\\/wp-content\\\/uploads\\\/2026\\\/03\\\/IMG_20260318_120755-scaled.jpg\",\"width\":2560,\"height\":1441},{\"@type\":\"BreadcrumbList\",\"@id\":\"https:\\\/\\\/feelharmonic.fr\\\/index.php\\\/geobiologie-soin-de-lhabitat\\\/#breadcrumb\",\"itemListElement\":[{\"@type\":\"ListItem\",\"position\":1,\"name\":\"Home\",\"item\":\"https:\\\/\\\/feelharmonic.fr\\\/\"},{\"@type\":\"ListItem\",\"position\":2,\"name\":\"G\u00c9OBIOLOGIE, SOIN DE L&rsquo;HABITAT\"}]},{\"@type\":\"WebSite\",\"@id\":\"https:\\\/\\\/feelharmonic.fr\\\/#website\",\"url\":\"https:\\\/\\\/feelharmonic.fr\\\/\",\"name\":\"FEELHARMONIC - MICHEL LATOUCHE\",\"description\":\"Harmonisation Instrumentale - G\u00e9obiologie - Soins \u00e9nerg\u00e9tiques\",\"potentialAction\":[{\"@type\":\"SearchAction\",\"target\":{\"@type\":\"EntryPoint\",\"urlTemplate\":\"https:\\\/\\\/feelharmonic.fr\\\/?s={search_term_string}\"},\"query-input\":{\"@type\":\"PropertyValueSpecification\",\"valueRequired\":true,\"valueName\":\"search_term_string\"}}],\"inLanguage\":\"fr-FR\"}]}<\/script>\n<!-- \/ Yoast SEO plugin. -->","yoast_head_json":{"title":"G\u00c9OBIOLOGIE, SOIN DE L'HABITAT - FEELHARMONIC - MICHEL LATOUCHE","description":"g\u00e9obiologie-soins de l'habitat-ondes de forme-nettoyages \u00e9nerg\u00e9tique- r\u00e9\u00e9quilibrage de lieu-Passage d'\u00e2me-Bretagne -Rennes-Redon","robots":{"index":"index","follow":"follow","max-snippet":"max-snippet:-1","max-image-preview":"max-image-preview:large","max-video-preview":"max-video-preview:-1"},"canonical":"https:\/\/feelharmonic.fr\/index.php\/geobiologie-soin-de-lhabitat\/","og_locale":"fr_FR","og_type":"article","og_title":"G\u00c9OBIOLOGIE, SOIN DE L'HABITAT - FEELHARMONIC - MICHEL LATOUCHE","og_description":"g\u00e9obiologie-soins de l'habitat-ondes de forme-nettoyages \u00e9nerg\u00e9tique- r\u00e9\u00e9quilibrage de lieu-Passage d'\u00e2me-Bretagne -Rennes-Redon","og_url":"https:\/\/feelharmonic.fr\/index.php\/geobiologie-soin-de-lhabitat\/","og_site_name":"FEELHARMONIC - MICHEL LATOUCHE","article_modified_time":"2026-03-18T13:44:53+00:00","og_image":[{"width":2560,"height":1441,"url":"https:\/\/feelharmonic.fr\/wp-content\/uploads\/2026\/03\/IMG_20260318_120755-scaled.jpg","type":"image\/jpeg"}],"twitter_card":"summary_large_image","twitter_misc":{"Dur\u00e9e de lecture estim\u00e9e":"3 minutes"},"schema":{"@context":"https:\/\/schema.org","@graph":[{"@type":"WebPage","@id":"https:\/\/feelharmonic.fr\/index.php\/geobiologie-soin-de-lhabitat\/","url":"https:\/\/feelharmonic.fr\/index.php\/geobiologie-soin-de-lhabitat\/","name":"G\u00c9OBIOLOGIE, SOIN DE L'HABITAT - FEELHARMONIC - MICHEL LATOUCHE","isPartOf":{"@id":"https:\/\/feelharmonic.fr\/#website"},"primaryImageOfPage":{"@id":"https:\/\/feelharmonic.fr\/index.php\/geobiologie-soin-de-lhabitat\/#primaryimage"},"image":{"@id":"https:\/\/feelharmonic.fr\/index.php\/geobiologie-soin-de-lhabitat\/#primaryimage"},"thumbnailUrl":"https:\/\/feelharmonic.fr\/wp-content\/uploads\/2026\/03\/IMG_20260318_120755-scaled.jpg","datePublished":"2026-03-12T15:12:56+00:00","dateModified":"2026-03-18T13:44:53+00:00","description":"g\u00e9obiologie-soins de l'habitat-ondes de forme-nettoyages \u00e9nerg\u00e9tique- r\u00e9\u00e9quilibrage de lieu-Passage d'\u00e2me-Bretagne -Rennes-Redon","breadcrumb":{"@id":"https:\/\/feelharmonic.fr\/index.php\/geobiologie-soin-de-lhabitat\/#breadcrumb"},"inLanguage":"fr-FR","potentialAction":[{"@type":"ReadAction","target":["https:\/\/feelharmonic.fr\/index.php\/geobiologie-soin-de-lhabitat\/"]}]},{"@type":"ImageObject","inLanguage":"fr-FR","@id":"https:\/\/feelharmonic.fr\/index.php\/geobiologie-soin-de-lhabitat\/#primaryimage","url":"https:\/\/feelharmonic.fr\/wp-content\/uploads\/2026\/03\/IMG_20260318_120755-scaled.jpg","contentUrl":"https:\/\/feelharmonic.fr\/wp-content\/uploads\/2026\/03\/IMG_20260318_120755-scaled.jpg","width":2560,"height":1441},{"@type":"BreadcrumbList","@id":"https:\/\/feelharmonic.fr\/index.php\/geobiologie-soin-de-lhabitat\/#breadcrumb","itemListElement":[{"@type":"ListItem","position":1,"name":"Home","item":"https:\/\/feelharmonic.fr\/"},{"@type":"ListItem","position":2,"name":"G\u00c9OBIOLOGIE, SOIN DE L&rsquo;HABITAT"}]},{"@type":"WebSite","@id":"https:\/\/feelharmonic.fr\/#website","url":"https:\/\/feelharmonic.fr\/","name":"FEELHARMONIC - MICHEL LATOUCHE","description":"Harmonisation Instrumentale - G\u00e9obiologie - Soins \u00e9nerg\u00e9tiques","potentialAction":[{"@type":"SearchAction","target":{"@type":"EntryPoint","urlTemplate":"https:\/\/feelharmonic.fr\/?s={search_term_string}"},"query-input":{"@type":"PropertyValueSpecification","valueRequired":true,"valueName":"search_term_string"}}],"inLanguage":"fr-FR"}]}},"_links":{"self":[{"href":"https:\/\/feelharmonic.fr\/index.php\/wp-json\/wp\/v2\/pages\/94","targetHints":{"allow":["GET"]}}],"collection":[{"href":"https:\/\/feelharmonic.fr\/index.php\/wp-json\/wp\/v2\/pages"}],"about":[{"href":"https:\/\/feelharmonic.fr\/index.php\/wp-json\/wp\/v2\/types\/page"}],"author":[{"embeddable":true,"href":"https:\/\/feelharmonic.fr\/index.php\/wp-json\/wp\/v2\/users\/1"}],"replies":[{"embeddable":true,"href":"https:\/\/feelharmonic.fr\/index.php\/wp-json\/wp\/v2\/comments?post=94"}],"version-history":[{"count":21,"href":"https:\/\/feelharmonic.fr\/index.php\/wp-json\/wp\/v2\/pages\/94\/revisions"}],"predecessor-version":[{"id":210,"href":"https:\/\/feelharmonic.fr\/index.php\/wp-json\/wp\/v2\/pages\/94\/revisions\/210"}],"wp:attachment":[{"href":"https:\/\/feelharmonic.fr\/index.php\/wp-json\/wp\/v2\/media?parent=94"}],"curies":[{"name":"wp","href":"https:\/\/api.w.org\/{rel}","templated":true}]}}