{"id":80,"date":"2026-03-12T14:10:51","date_gmt":"2026-03-12T14:10:51","guid":{"rendered":"https:\/\/feelharmonic.fr\/?page_id=80"},"modified":"2026-03-18T09:37:50","modified_gmt":"2026-03-18T09:37:50","slug":"feelharmonic-michel-latouche","status":"publish","type":"page","link":"https:\/\/feelharmonic.fr\/","title":{"rendered":"FEELHARMONIC &#8211; Michel LATOUCHE"},"content":{"rendered":"\n<p class=\"has-text-align-center has-vivid-red-color has-text-color has-link-color wp-elements-0874e5702cfd04c0d67316cfac607108\">Harmonisation instrumentale &#8211; g\u00e9obiologie &#8211; \u00c9nerg\u00e9tique<\/p>\n\n\n\n<hr class=\"wp-block-separator has-alpha-channel-opacity\"\/>\n\n\n<div class=\"wp-block-image\">\n<figure class=\"aligncenter size-large is-resized\"><img loading=\"lazy\" decoding=\"async\" width=\"768\" height=\"1024\" src=\"https:\/\/feelharmonic.fr\/wp-content\/uploads\/2026\/03\/20191012_103331-1-768x1024.jpg\" alt=\"Sourcier\" class=\"wp-image-152\" style=\"aspect-ratio:0.7500082877507045;width:245px;height:auto\" srcset=\"https:\/\/feelharmonic.fr\/wp-content\/uploads\/2026\/03\/20191012_103331-1-768x1024.jpg 768w, https:\/\/feelharmonic.fr\/wp-content\/uploads\/2026\/03\/20191012_103331-1-225x300.jpg 225w, https:\/\/feelharmonic.fr\/wp-content\/uploads\/2026\/03\/20191012_103331-1-1152x1536.jpg 1152w, https:\/\/feelharmonic.fr\/wp-content\/uploads\/2026\/03\/20191012_103331-1-1536x2048.jpg 1536w, https:\/\/feelharmonic.fr\/wp-content\/uploads\/2026\/03\/20191012_103331-1-1140x1520.jpg 1140w, https:\/\/feelharmonic.fr\/wp-content\/uploads\/2026\/03\/20191012_103331-1-scaled.jpg 1920w\" sizes=\"auto, (max-width: 768px) 100vw, 768px\" \/><\/figure>\n<\/div>\n\n\n<hr class=\"wp-block-separator has-alpha-channel-opacity\"\/>\n\n\n\n<p><\/p>\n\n\n\n<h2 class=\"wp-block-heading has-text-align-center has-vivid-red-color has-text-color has-link-color wp-elements-c8af6a8aa7409fcfe0397f6d41200561\">Qui suis-je ?<\/h2>\n\n\n\n<p><br>Fils de sourcier, j&rsquo;ai \u00e9t\u00e9 initi\u00e9 \u00e0 la radiesth\u00e9sie ainsi qu&rsquo;\u00e0 la recherche et d\u00e9tection des sources. <br>Tr\u00e8s t\u00f4t, j&rsquo;ai commenc\u00e9 \u00e0 travailler ces recherche de veines d&rsquo;eau souterraines avec des baguettes de bois par mon p\u00e8re.&nbsp; Passionn\u00e9, je n&rsquo;ai cess\u00e9 de me documenter d\u00e8s lors. <br>Puis, j&rsquo;ai suivi diff\u00e9rents stages de toutes sortes pour compl\u00e9menter mes pratiques globales .&nbsp;<br> <br><\/p>\n\n\n\n<p><\/p>\n\n\n\n<h2 class=\"wp-block-heading has-text-align-center has-vivid-red-color has-text-color has-link-color wp-elements-f77aecc433af0c4e3856bf4b0d760a61\">Mes Formations<\/h2>\n\n\n\n<p><br>En 2000, j&rsquo;ai obtenu mon certificat de praticien qualifi\u00e9 \u00e9nerg\u00e9tique et magn\u00e9tisme Alchimie des mains au Centre Fran\u00e7ais du magn\u00e9tisme par JC Second\u00e9.\u00a0<br>De 2003 \u00e0 2010, j&rsquo;ai suivi une formation radiesth\u00e9sie et g\u00e9obiologie (sourcier) puis suis devenu membre des RRR (Recherches Radiesth\u00e9siques Rennaises). \u00a0<br>En 2006, j&rsquo;ai effectu\u00e9 un stage sur la transmission des connaissances G N O M A ( Groupement pour l Organisation des M\u00e9decines Alternatives ) \u00e0 Paris. \u00a0<br>En 2007, j&rsquo;ai suivi une formation certifiante d&rsquo;\u00c9nerg\u00e9ticien \u00e0 l&rsquo;Ecobiom\u00e9decine Serge Fitz.<br>Enfin, \u00e0 partir de 2015, j&rsquo;ai rencontr\u00e9 et me suis form\u00e9 \u00e0 la m\u00e9thode des 2 points (M2P) avec Frauke Kaluzinski.<br><br>Plus particuli\u00e8rement, c\u2019est au cours d\u2019un travail de sourcier\/g\u00e9obiologue dans l\u2019atelier d\u2019un luthier que nous avons ensemble d\u00e9couvert et, par la suite, \u00e9tudi\u00e9 l\u2019impact du travail \u00e9nerg\u00e9tique sur la qualit\u00e9 du son des instruments de musique. Cet effet a pu \u00eatre contr\u00f4l\u00e9 \u00e0 l\u2019aide d\u2019un logiciel son. Les musiciens, qui ont l&rsquo;opportunit\u00e9 d&rsquo;exp\u00e9rimenter cette pratique, constatent une plus grande aisance d\u2019ex\u00e9cution et une lib\u00e9ration du son de leur instrument.<\/p>\n\n\n\n<p><br>C\u2019est avec plaisir que je r\u00e9pondrai aux demandes de professionnels de la musique d\u00e9sireux d\u2019approfondir ces recherches. \u00a0<br>Consultations sur rendez-vous: <br>\ud83d\udc49 <a href=\"https:\/\/feelharmonic.fr\/index.php\/me-contacter\/\" type=\"link\" id=\"https:\/\/feelharmonic.fr\/index.php\/me-contacter\/\" target=\"_blank\" rel=\"noreferrer noopener\">Me contacter <\/a><br>Interventions en pr\u00e9sentiel ou distanciels suivant les besoins, la proximit\u00e9 et diff\u00e9rents autres param\u00e8tres \u00e0 quantifier lors d&rsquo;un premier \u00e9change mail ou t\u00e9l\u00e9phonique.<\/p>\n\n\n<div class=\"wp-block-image\">\n<figure class=\"aligncenter size-full is-resized\"><img loading=\"lazy\" decoding=\"async\" width=\"405\" height=\"404\" src=\"https:\/\/feelharmonic.fr\/wp-content\/uploads\/2026\/03\/logo.jpg\" alt=\"\" class=\"wp-image-18\" style=\"width:126px;height:auto\" srcset=\"https:\/\/feelharmonic.fr\/wp-content\/uploads\/2026\/03\/logo.jpg 405w, https:\/\/feelharmonic.fr\/wp-content\/uploads\/2026\/03\/logo-300x300.jpg 300w, https:\/\/feelharmonic.fr\/wp-content\/uploads\/2026\/03\/logo-150x150.jpg 150w, https:\/\/feelharmonic.fr\/wp-content\/uploads\/2026\/03\/logo-75x75.jpg 75w\" sizes=\"auto, (max-width: 405px) 100vw, 405px\" \/><\/figure>\n<\/div>\n\n\n<p><\/p>\n","protected":false},"excerpt":{"rendered":"<p>Harmonisation instrumentale &#8211; g\u00e9obiologie &#8211; \u00c9nerg\u00e9tique Qui suis-je ? Fils de sourcier, j&rsquo;ai \u00e9t\u00e9 initi\u00e9 \u00e0 la radiesth\u00e9sie ainsi qu&rsquo;\u00e0 la recherche et d\u00e9tection des sources. Tr\u00e8s t\u00f4t, j&rsquo;ai commenc\u00e9 \u00e0 travailler ces recherche de veines d&rsquo;eau souterraines avec des baguettes de bois par mon p\u00e8re.&nbsp; Passionn\u00e9, je n&rsquo;ai cess\u00e9 de me documenter d\u00e8s lors. Puis, j&rsquo;ai suivi diff\u00e9rents stages de toutes sortes pour compl\u00e9menter mes pratiques globales .&nbsp; Mes Formations En 2000, j&rsquo;ai obtenu mon certificat de praticien qualifi\u00e9 \u00e9nerg\u00e9tique et magn\u00e9tisme Alchimie des mains au Centre Fran\u00e7ais du magn\u00e9tisme par JC Second\u00e9.\u00a0De 2003 \u00e0 2010, j&rsquo;ai suivi une formation radiesth\u00e9sie et g\u00e9obiologie (sourcier) puis suis devenu membre des RRR (Recherches Radiesth\u00e9siques Rennaises). \u00a0En 2006, j&rsquo;ai effectu\u00e9 un stage sur la transmission des connaissances G N O M A ( Groupement pour l Organisation des M\u00e9decines Alternatives ) \u00e0 Paris. \u00a0En 2007, j&rsquo;ai suivi une formation certifiante d&rsquo;\u00c9nerg\u00e9ticien \u00e0 l&rsquo;Ecobiom\u00e9decine Serge Fitz.Enfin, \u00e0 partir de 2015, j&rsquo;ai rencontr\u00e9 et me suis form\u00e9 \u00e0 la m\u00e9thode des 2 points (M2P) avec Frauke Kaluzinski. Plus particuli\u00e8rement, c\u2019est au cours d\u2019un travail de sourcier\/g\u00e9obiologue dans l\u2019atelier d\u2019un luthier que nous avons ensemble d\u00e9couvert et, par la suite, \u00e9tudi\u00e9 l\u2019impact du travail \u00e9nerg\u00e9tique sur la qualit\u00e9 du son des instruments de musique. Cet effet a pu \u00eatre contr\u00f4l\u00e9 \u00e0 l\u2019aide d\u2019un logiciel son. Les musiciens, qui ont l&rsquo;opportunit\u00e9 d&rsquo;exp\u00e9rimenter cette pratique, constatent une plus grande aisance d\u2019ex\u00e9cution et une lib\u00e9ration du son de leur instrument. C\u2019est avec plaisir que je r\u00e9pondrai aux demandes de professionnels de la musique d\u00e9sireux d\u2019approfondir ces recherches. \u00a0Consultations sur rendez-vous: \ud83d\udc49 Me contacter Interventions en pr\u00e9sentiel ou distanciels suivant les besoins, la proximit\u00e9 et diff\u00e9rents autres param\u00e8tres \u00e0 quantifier lors d&rsquo;un premier \u00e9change mail ou t\u00e9l\u00e9phonique.<\/p>\n","protected":false},"author":1,"featured_media":0,"parent":0,"menu_order":0,"comment_status":"closed","ping_status":"closed","template":"","meta":{"footnotes":""},"class_list":["post-80","page","type-page","status-publish","hentry"],"yoast_head":"<!-- This site is optimized with the Yoast SEO plugin v27.4 - https:\/\/yoast.com\/product\/yoast-seo-wordpress\/ -->\n<title>FEELHARMONIC - Michel LATOUCHE - FEELHARMONIC - MICHEL LATOUCHE<\/title>\n<meta name=\"description\" content=\"Michel LATOUCHE-FEELHARMONIC-G\u00e9obiologue-\u00c9nerg\u00e9ticien-Radiesth\u00e9siste-Harmonisation du son et de la voix -Bretagne-35\" \/>\n<meta name=\"robots\" content=\"index, follow, max-snippet:-1, max-image-preview:large, max-video-preview:-1\" \/>\n<link rel=\"canonical\" href=\"https:\/\/feelharmonic.fr\/\" \/>\n<meta property=\"og:locale\" content=\"fr_FR\" \/>\n<meta property=\"og:type\" content=\"article\" \/>\n<meta property=\"og:title\" content=\"FEELHARMONIC - Michel LATOUCHE - FEELHARMONIC - MICHEL LATOUCHE\" \/>\n<meta property=\"og:description\" content=\"Michel LATOUCHE-FEELHARMONIC-G\u00e9obiologue-\u00c9nerg\u00e9ticien-Radiesth\u00e9siste-Harmonisation du son et de la voix -Bretagne-35\" \/>\n<meta property=\"og:url\" content=\"https:\/\/feelharmonic.fr\/\" \/>\n<meta property=\"og:site_name\" content=\"FEELHARMONIC - MICHEL LATOUCHE\" \/>\n<meta property=\"article:modified_time\" content=\"2026-03-18T09:37:50+00:00\" \/>\n<meta property=\"og:image\" content=\"https:\/\/feelharmonic.fr\/wp-content\/uploads\/2026\/03\/20191012_103331-1-scaled.jpg\" \/>\n\t<meta property=\"og:image:width\" content=\"1920\" \/>\n\t<meta property=\"og:image:height\" content=\"2560\" \/>\n\t<meta property=\"og:image:type\" content=\"image\/jpeg\" \/>\n<meta name=\"twitter:card\" content=\"summary_large_image\" \/>\n<meta name=\"twitter:label1\" content=\"Dur\u00e9e de lecture estim\u00e9e\" \/>\n\t<meta name=\"twitter:data1\" content=\"2 minutes\" \/>\n<script type=\"application\/ld+json\" class=\"yoast-schema-graph\">{\"@context\":\"https:\\\/\\\/schema.org\",\"@graph\":[{\"@type\":\"WebPage\",\"@id\":\"https:\\\/\\\/feelharmonic.fr\\\/\",\"url\":\"https:\\\/\\\/feelharmonic.fr\\\/\",\"name\":\"FEELHARMONIC - Michel LATOUCHE - FEELHARMONIC - MICHEL LATOUCHE\",\"isPartOf\":{\"@id\":\"https:\\\/\\\/feelharmonic.fr\\\/#website\"},\"primaryImageOfPage\":{\"@id\":\"https:\\\/\\\/feelharmonic.fr\\\/#primaryimage\"},\"image\":{\"@id\":\"https:\\\/\\\/feelharmonic.fr\\\/#primaryimage\"},\"thumbnailUrl\":\"https:\\\/\\\/feelharmonic.fr\\\/wp-content\\\/uploads\\\/2026\\\/03\\\/20191012_103331-1-768x1024.jpg\",\"datePublished\":\"2026-03-12T14:10:51+00:00\",\"dateModified\":\"2026-03-18T09:37:50+00:00\",\"description\":\"Michel LATOUCHE-FEELHARMONIC-G\u00e9obiologue-\u00c9nerg\u00e9ticien-Radiesth\u00e9siste-Harmonisation du son et de la voix -Bretagne-35\",\"breadcrumb\":{\"@id\":\"https:\\\/\\\/feelharmonic.fr\\\/#breadcrumb\"},\"inLanguage\":\"fr-FR\",\"potentialAction\":[{\"@type\":\"ReadAction\",\"target\":[\"https:\\\/\\\/feelharmonic.fr\\\/\"]}]},{\"@type\":\"ImageObject\",\"inLanguage\":\"fr-FR\",\"@id\":\"https:\\\/\\\/feelharmonic.fr\\\/#primaryimage\",\"url\":\"https:\\\/\\\/feelharmonic.fr\\\/wp-content\\\/uploads\\\/2026\\\/03\\\/20191012_103331-1-scaled.jpg\",\"contentUrl\":\"https:\\\/\\\/feelharmonic.fr\\\/wp-content\\\/uploads\\\/2026\\\/03\\\/20191012_103331-1-scaled.jpg\",\"width\":1920,\"height\":2560},{\"@type\":\"BreadcrumbList\",\"@id\":\"https:\\\/\\\/feelharmonic.fr\\\/#breadcrumb\",\"itemListElement\":[{\"@type\":\"ListItem\",\"position\":1,\"name\":\"Home\",\"item\":\"https:\\\/\\\/feelharmonic.fr\\\/\"},{\"@type\":\"ListItem\",\"position\":2,\"name\":\"FEELHARMONIC &#8211; Michel LATOUCHE\"}]},{\"@type\":\"WebSite\",\"@id\":\"https:\\\/\\\/feelharmonic.fr\\\/#website\",\"url\":\"https:\\\/\\\/feelharmonic.fr\\\/\",\"name\":\"FEELHARMONIC - MICHEL LATOUCHE\",\"description\":\"Harmonisation Instrumentale - G\u00e9obiologie - Soins \u00e9nerg\u00e9tiques\",\"potentialAction\":[{\"@type\":\"SearchAction\",\"target\":{\"@type\":\"EntryPoint\",\"urlTemplate\":\"https:\\\/\\\/feelharmonic.fr\\\/?s={search_term_string}\"},\"query-input\":{\"@type\":\"PropertyValueSpecification\",\"valueRequired\":true,\"valueName\":\"search_term_string\"}}],\"inLanguage\":\"fr-FR\"}]}<\/script>\n<!-- \/ Yoast SEO plugin. -->","yoast_head_json":{"title":"FEELHARMONIC - Michel LATOUCHE - FEELHARMONIC - MICHEL LATOUCHE","description":"Michel LATOUCHE-FEELHARMONIC-G\u00e9obiologue-\u00c9nerg\u00e9ticien-Radiesth\u00e9siste-Harmonisation du son et de la voix -Bretagne-35","robots":{"index":"index","follow":"follow","max-snippet":"max-snippet:-1","max-image-preview":"max-image-preview:large","max-video-preview":"max-video-preview:-1"},"canonical":"https:\/\/feelharmonic.fr\/","og_locale":"fr_FR","og_type":"article","og_title":"FEELHARMONIC - Michel LATOUCHE - FEELHARMONIC - MICHEL LATOUCHE","og_description":"Michel LATOUCHE-FEELHARMONIC-G\u00e9obiologue-\u00c9nerg\u00e9ticien-Radiesth\u00e9siste-Harmonisation du son et de la voix -Bretagne-35","og_url":"https:\/\/feelharmonic.fr\/","og_site_name":"FEELHARMONIC - MICHEL LATOUCHE","article_modified_time":"2026-03-18T09:37:50+00:00","og_image":[{"width":1920,"height":2560,"url":"https:\/\/feelharmonic.fr\/wp-content\/uploads\/2026\/03\/20191012_103331-1-scaled.jpg","type":"image\/jpeg"}],"twitter_card":"summary_large_image","twitter_misc":{"Dur\u00e9e de lecture estim\u00e9e":"2 minutes"},"schema":{"@context":"https:\/\/schema.org","@graph":[{"@type":"WebPage","@id":"https:\/\/feelharmonic.fr\/","url":"https:\/\/feelharmonic.fr\/","name":"FEELHARMONIC - Michel LATOUCHE - FEELHARMONIC - MICHEL LATOUCHE","isPartOf":{"@id":"https:\/\/feelharmonic.fr\/#website"},"primaryImageOfPage":{"@id":"https:\/\/feelharmonic.fr\/#primaryimage"},"image":{"@id":"https:\/\/feelharmonic.fr\/#primaryimage"},"thumbnailUrl":"https:\/\/feelharmonic.fr\/wp-content\/uploads\/2026\/03\/20191012_103331-1-768x1024.jpg","datePublished":"2026-03-12T14:10:51+00:00","dateModified":"2026-03-18T09:37:50+00:00","description":"Michel LATOUCHE-FEELHARMONIC-G\u00e9obiologue-\u00c9nerg\u00e9ticien-Radiesth\u00e9siste-Harmonisation du son et de la voix -Bretagne-35","breadcrumb":{"@id":"https:\/\/feelharmonic.fr\/#breadcrumb"},"inLanguage":"fr-FR","potentialAction":[{"@type":"ReadAction","target":["https:\/\/feelharmonic.fr\/"]}]},{"@type":"ImageObject","inLanguage":"fr-FR","@id":"https:\/\/feelharmonic.fr\/#primaryimage","url":"https:\/\/feelharmonic.fr\/wp-content\/uploads\/2026\/03\/20191012_103331-1-scaled.jpg","contentUrl":"https:\/\/feelharmonic.fr\/wp-content\/uploads\/2026\/03\/20191012_103331-1-scaled.jpg","width":1920,"height":2560},{"@type":"BreadcrumbList","@id":"https:\/\/feelharmonic.fr\/#breadcrumb","itemListElement":[{"@type":"ListItem","position":1,"name":"Home","item":"https:\/\/feelharmonic.fr\/"},{"@type":"ListItem","position":2,"name":"FEELHARMONIC &#8211; Michel LATOUCHE"}]},{"@type":"WebSite","@id":"https:\/\/feelharmonic.fr\/#website","url":"https:\/\/feelharmonic.fr\/","name":"FEELHARMONIC - MICHEL LATOUCHE","description":"Harmonisation Instrumentale - G\u00e9obiologie - Soins \u00e9nerg\u00e9tiques","potentialAction":[{"@type":"SearchAction","target":{"@type":"EntryPoint","urlTemplate":"https:\/\/feelharmonic.fr\/?s={search_term_string}"},"query-input":{"@type":"PropertyValueSpecification","valueRequired":true,"valueName":"search_term_string"}}],"inLanguage":"fr-FR"}]}},"_links":{"self":[{"href":"https:\/\/feelharmonic.fr\/index.php\/wp-json\/wp\/v2\/pages\/80","targetHints":{"allow":["GET"]}}],"collection":[{"href":"https:\/\/feelharmonic.fr\/index.php\/wp-json\/wp\/v2\/pages"}],"about":[{"href":"https:\/\/feelharmonic.fr\/index.php\/wp-json\/wp\/v2\/types\/page"}],"author":[{"embeddable":true,"href":"https:\/\/feelharmonic.fr\/index.php\/wp-json\/wp\/v2\/users\/1"}],"replies":[{"embeddable":true,"href":"https:\/\/feelharmonic.fr\/index.php\/wp-json\/wp\/v2\/comments?post=80"}],"version-history":[{"count":16,"href":"https:\/\/feelharmonic.fr\/index.php\/wp-json\/wp\/v2\/pages\/80\/revisions"}],"predecessor-version":[{"id":208,"href":"https:\/\/feelharmonic.fr\/index.php\/wp-json\/wp\/v2\/pages\/80\/revisions\/208"}],"wp:attachment":[{"href":"https:\/\/feelharmonic.fr\/index.php\/wp-json\/wp\/v2\/media?parent=80"}],"curies":[{"name":"wp","href":"https:\/\/api.w.org\/{rel}","templated":true}]}}