{"id":13,"date":"2026-03-12T11:42:29","date_gmt":"2026-03-12T11:42:29","guid":{"rendered":"https:\/\/feelharmonic.fr\/?page_id=13"},"modified":"2026-03-12T11:59:34","modified_gmt":"2026-03-12T11:59:34","slug":"mentions-legales-feelharmonic-michel-latouche","status":"publish","type":"page","link":"https:\/\/feelharmonic.fr\/index.php\/mentions-legales-feelharmonic-michel-latouche\/","title":{"rendered":"MENTIONS L\u00c9GALES"},"content":{"rendered":"\n<h1 class=\"wp-block-heading has-text-align-center has-vivid-red-color has-text-color has-link-color wp-elements-f37add2da6fb596401a0df4becced324\">&nbsp;<\/h1>\n\n\n\n<p class=\"has-text-align-center has-vivid-red-color has-text-color has-link-color wp-elements-574212d8571b84bb20f119c900f23854\">Michel LATOUCHE \/ FEELHARMONIC<\/p>\n\n\n\n<hr class=\"wp-block-separator has-alpha-channel-opacity\"\/>\n\n\n\n<p><\/p>\n\n\n\n<p><\/p>\n\n\n\n<p><\/p>\n\n\n\n<p class=\"has-black-color has-text-color has-link-color wp-elements-ecd9eb5ea199d7ceedab37a22dbfe5d4\">PERSONNE MORALE :<br><em>Michel LATOUCHE <\/em><br><em>\u00c9nerg\u00e9ticien &#8211; G\u00e9obiologue<\/em><br><em>8, la Louzais<\/em><br><em>35660 LANGON \/ FRANCE<\/em><br><em><em>T\u00e9l\u00e9phone : 06.75.46.55.30<\/em><\/em><br><em>E-mail : latouche@feelharmonic.fr<\/em><br><em>N\u00b0Siret : 52078958600024<\/em><\/p>\n\n\n\n<p>RESPONSABLE EDITORIAL :<br><em><em>35660 LANGON<\/em><\/em><br><em>Site Internet: <\/em><a href=\"https:\/\/feelharmonic.fr\/index.php\/mentions-legales-feelharmonic-michel-latouche\/\" target=\"_blank\" rel=\"noreferrer noopener\">https:\/\/feelharmonic.fr\/<\/a><br><em><em>8, la Louzais<\/em><\/em><br><em><em>35660 LANGON<\/em> \/ FRANCE<\/em><br><em>T\u00e9l\u00e9phone : 06.75.46.55.30<\/em><\/p>\n\n\n\n<p>H\u00c9BERGEUR :<br><em>Soci\u00e9t\u00e9 OVH<\/em><br><em>Si\u00e8ge social : 2 rue Kellermann &#8211; 59100 Roubaix &#8211; France.<\/em><\/p>\n\n\n\n<p>PROPRI\u00c9T\u00c9 INTELLECTUELLE:<br><em>Tout le contenu du pr\u00e9sent site, incluant les graphismes, images, textes, vid\u00e9os, sons, logos ainsi que leurs mises en forme sont la propri\u00e9t\u00e9 exclusive de la soci\u00e9t\u00e9 FeelHarmonic.<\/em><br><em>Toute reproduction, distribution, modification, adaptation, m\u00eame partielle, de ces diff\u00e9rents \u00e9l\u00e9ments est strictement interdite sans l&rsquo;accord express par \u00e9crit de <em>FeelHarmonic<\/em>. Cette repr\u00e9sentation ou reproduction, par quelque proc\u00e9d\u00e9 que ce soit, constitue une contrefa\u00e7on sanctionn\u00e9e par les articles L.3335-2 et suivants du Code de la propri\u00e9t\u00e9 intellectuelle. Le non-respect de cette interdiction constitue une contrefa\u00e7on pouvant engager la responsabilit\u00e9 civile et p\u00e9nale du contrefacteur.<\/em><br><em>Chaque utilisateur et visiteur de ce site internet peux mettre en place un hyperlien en direction de la page d\u00e9sir\u00e9e.<\/em><\/p>\n\n\n<div class=\"wp-block-image\">\n<figure class=\"aligncenter size-full is-resized\"><img loading=\"lazy\" decoding=\"async\" width=\"405\" height=\"404\" src=\"https:\/\/feelharmonic.fr\/wp-content\/uploads\/2026\/03\/logo.jpg\" alt=\"\" class=\"wp-image-18\" style=\"width:126px;height:auto\" srcset=\"https:\/\/feelharmonic.fr\/wp-content\/uploads\/2026\/03\/logo.jpg 405w, https:\/\/feelharmonic.fr\/wp-content\/uploads\/2026\/03\/logo-300x300.jpg 300w, https:\/\/feelharmonic.fr\/wp-content\/uploads\/2026\/03\/logo-150x150.jpg 150w, https:\/\/feelharmonic.fr\/wp-content\/uploads\/2026\/03\/logo-75x75.jpg 75w\" sizes=\"auto, (max-width: 405px) 100vw, 405px\" \/><\/figure>\n<\/div>","protected":false},"excerpt":{"rendered":"<p>&nbsp; Michel LATOUCHE \/ FEELHARMONIC PERSONNE MORALE :Michel LATOUCHE \u00c9nerg\u00e9ticien &#8211; G\u00e9obiologue8, la Louzais35660 LANGON \/ FRANCET\u00e9l\u00e9phone : 06.75.46.55.30E-mail : latouche@feelharmonic.frN\u00b0Siret : 52078958600024 RESPONSABLE EDITORIAL :35660 LANGONSite Internet: https:\/\/feelharmonic.fr\/8, la Louzais35660 LANGON \/ FRANCET\u00e9l\u00e9phone : 06.75.46.55.30 H\u00c9BERGEUR :Soci\u00e9t\u00e9 OVHSi\u00e8ge social : 2 rue Kellermann &#8211; 59100 Roubaix &#8211; France. PROPRI\u00c9T\u00c9 INTELLECTUELLE:Tout le contenu du pr\u00e9sent site, incluant les graphismes, images, textes, vid\u00e9os, sons, logos ainsi que leurs mises en forme sont la propri\u00e9t\u00e9 exclusive de la soci\u00e9t\u00e9 FeelHarmonic.Toute reproduction, distribution, modification, adaptation, m\u00eame partielle, de ces diff\u00e9rents \u00e9l\u00e9ments est strictement interdite sans l&rsquo;accord express par \u00e9crit de FeelHarmonic. Cette repr\u00e9sentation ou reproduction, par quelque proc\u00e9d\u00e9 que ce soit, constitue une contrefa\u00e7on sanctionn\u00e9e par les articles L.3335-2 et suivants du Code de la propri\u00e9t\u00e9 intellectuelle. Le non-respect de cette interdiction constitue une contrefa\u00e7on pouvant engager la responsabilit\u00e9 civile et p\u00e9nale du contrefacteur.Chaque utilisateur et visiteur de ce site internet peux mettre en place un hyperlien en direction de la page d\u00e9sir\u00e9e.<\/p>\n","protected":false},"author":1,"featured_media":0,"parent":0,"menu_order":0,"comment_status":"closed","ping_status":"closed","template":"","meta":{"footnotes":""},"class_list":["post-13","page","type-page","status-publish","hentry"],"yoast_head":"<!-- This site is optimized with the Yoast SEO plugin v27.4 - https:\/\/yoast.com\/product\/yoast-seo-wordpress\/ -->\n<title>MENTIONS L\u00c9GALES - FEELHARMONIC - MICHEL LATOUCHE<\/title>\n<meta name=\"description\" content=\"Michel LATOUCHE-FEELHARMONIC-G\u00e9obiologue-\u00c9nerg\u00e9ticien-Radiesth\u00e9siste-Harmonisation du son et de la voix -Bretagne-35\" \/>\n<meta name=\"robots\" content=\"index, follow, max-snippet:-1, max-image-preview:large, max-video-preview:-1\" \/>\n<link rel=\"canonical\" href=\"https:\/\/feelharmonic.fr\/index.php\/mentions-legales-feelharmonic-michel-latouche\/\" \/>\n<meta property=\"og:locale\" content=\"fr_FR\" \/>\n<meta property=\"og:type\" content=\"article\" \/>\n<meta property=\"og:title\" content=\"MENTIONS L\u00c9GALES - FEELHARMONIC - MICHEL LATOUCHE\" \/>\n<meta property=\"og:description\" content=\"Michel LATOUCHE-FEELHARMONIC-G\u00e9obiologue-\u00c9nerg\u00e9ticien-Radiesth\u00e9siste-Harmonisation du son et de la voix -Bretagne-35\" \/>\n<meta property=\"og:url\" content=\"https:\/\/feelharmonic.fr\/index.php\/mentions-legales-feelharmonic-michel-latouche\/\" \/>\n<meta property=\"og:site_name\" content=\"FEELHARMONIC - MICHEL LATOUCHE\" \/>\n<meta property=\"article:modified_time\" content=\"2026-03-12T11:59:34+00:00\" \/>\n<meta property=\"og:image\" content=\"https:\/\/feelharmonic.fr\/wp-content\/uploads\/2026\/03\/logo.jpg\" \/>\n\t<meta property=\"og:image:width\" content=\"405\" \/>\n\t<meta property=\"og:image:height\" content=\"404\" \/>\n\t<meta property=\"og:image:type\" content=\"image\/jpeg\" \/>\n<meta name=\"twitter:card\" content=\"summary_large_image\" \/>\n<meta name=\"twitter:label1\" content=\"Dur\u00e9e de lecture estim\u00e9e\" \/>\n\t<meta name=\"twitter:data1\" content=\"2 minutes\" \/>\n<script type=\"application\/ld+json\" class=\"yoast-schema-graph\">{\"@context\":\"https:\\\/\\\/schema.org\",\"@graph\":[{\"@type\":\"WebPage\",\"@id\":\"https:\\\/\\\/feelharmonic.fr\\\/index.php\\\/mentions-legales-feelharmonic-michel-latouche\\\/\",\"url\":\"https:\\\/\\\/feelharmonic.fr\\\/index.php\\\/mentions-legales-feelharmonic-michel-latouche\\\/\",\"name\":\"MENTIONS L\u00c9GALES - FEELHARMONIC - MICHEL LATOUCHE\",\"isPartOf\":{\"@id\":\"https:\\\/\\\/feelharmonic.fr\\\/#website\"},\"primaryImageOfPage\":{\"@id\":\"https:\\\/\\\/feelharmonic.fr\\\/index.php\\\/mentions-legales-feelharmonic-michel-latouche\\\/#primaryimage\"},\"image\":{\"@id\":\"https:\\\/\\\/feelharmonic.fr\\\/index.php\\\/mentions-legales-feelharmonic-michel-latouche\\\/#primaryimage\"},\"thumbnailUrl\":\"https:\\\/\\\/feelharmonic.fr\\\/wp-content\\\/uploads\\\/2026\\\/03\\\/logo.jpg\",\"datePublished\":\"2026-03-12T11:42:29+00:00\",\"dateModified\":\"2026-03-12T11:59:34+00:00\",\"description\":\"Michel LATOUCHE-FEELHARMONIC-G\u00e9obiologue-\u00c9nerg\u00e9ticien-Radiesth\u00e9siste-Harmonisation du son et de la voix -Bretagne-35\",\"breadcrumb\":{\"@id\":\"https:\\\/\\\/feelharmonic.fr\\\/index.php\\\/mentions-legales-feelharmonic-michel-latouche\\\/#breadcrumb\"},\"inLanguage\":\"fr-FR\",\"potentialAction\":[{\"@type\":\"ReadAction\",\"target\":[\"https:\\\/\\\/feelharmonic.fr\\\/index.php\\\/mentions-legales-feelharmonic-michel-latouche\\\/\"]}]},{\"@type\":\"ImageObject\",\"inLanguage\":\"fr-FR\",\"@id\":\"https:\\\/\\\/feelharmonic.fr\\\/index.php\\\/mentions-legales-feelharmonic-michel-latouche\\\/#primaryimage\",\"url\":\"https:\\\/\\\/feelharmonic.fr\\\/wp-content\\\/uploads\\\/2026\\\/03\\\/logo.jpg\",\"contentUrl\":\"https:\\\/\\\/feelharmonic.fr\\\/wp-content\\\/uploads\\\/2026\\\/03\\\/logo.jpg\",\"width\":405,\"height\":404},{\"@type\":\"BreadcrumbList\",\"@id\":\"https:\\\/\\\/feelharmonic.fr\\\/index.php\\\/mentions-legales-feelharmonic-michel-latouche\\\/#breadcrumb\",\"itemListElement\":[{\"@type\":\"ListItem\",\"position\":1,\"name\":\"Home\",\"item\":\"https:\\\/\\\/feelharmonic.fr\\\/\"},{\"@type\":\"ListItem\",\"position\":2,\"name\":\"MENTIONS L\u00c9GALES\"}]},{\"@type\":\"WebSite\",\"@id\":\"https:\\\/\\\/feelharmonic.fr\\\/#website\",\"url\":\"https:\\\/\\\/feelharmonic.fr\\\/\",\"name\":\"FEELHARMONIC - MICHEL LATOUCHE\",\"description\":\"Harmonisation Instrumentale - G\u00e9obiologie - Soins \u00e9nerg\u00e9tiques\",\"potentialAction\":[{\"@type\":\"SearchAction\",\"target\":{\"@type\":\"EntryPoint\",\"urlTemplate\":\"https:\\\/\\\/feelharmonic.fr\\\/?s={search_term_string}\"},\"query-input\":{\"@type\":\"PropertyValueSpecification\",\"valueRequired\":true,\"valueName\":\"search_term_string\"}}],\"inLanguage\":\"fr-FR\"}]}<\/script>\n<!-- \/ Yoast SEO plugin. -->","yoast_head_json":{"title":"MENTIONS L\u00c9GALES - FEELHARMONIC - MICHEL LATOUCHE","description":"Michel LATOUCHE-FEELHARMONIC-G\u00e9obiologue-\u00c9nerg\u00e9ticien-Radiesth\u00e9siste-Harmonisation du son et de la voix -Bretagne-35","robots":{"index":"index","follow":"follow","max-snippet":"max-snippet:-1","max-image-preview":"max-image-preview:large","max-video-preview":"max-video-preview:-1"},"canonical":"https:\/\/feelharmonic.fr\/index.php\/mentions-legales-feelharmonic-michel-latouche\/","og_locale":"fr_FR","og_type":"article","og_title":"MENTIONS L\u00c9GALES - FEELHARMONIC - MICHEL LATOUCHE","og_description":"Michel LATOUCHE-FEELHARMONIC-G\u00e9obiologue-\u00c9nerg\u00e9ticien-Radiesth\u00e9siste-Harmonisation du son et de la voix -Bretagne-35","og_url":"https:\/\/feelharmonic.fr\/index.php\/mentions-legales-feelharmonic-michel-latouche\/","og_site_name":"FEELHARMONIC - MICHEL LATOUCHE","article_modified_time":"2026-03-12T11:59:34+00:00","og_image":[{"width":405,"height":404,"url":"https:\/\/feelharmonic.fr\/wp-content\/uploads\/2026\/03\/logo.jpg","type":"image\/jpeg"}],"twitter_card":"summary_large_image","twitter_misc":{"Dur\u00e9e de lecture estim\u00e9e":"2 minutes"},"schema":{"@context":"https:\/\/schema.org","@graph":[{"@type":"WebPage","@id":"https:\/\/feelharmonic.fr\/index.php\/mentions-legales-feelharmonic-michel-latouche\/","url":"https:\/\/feelharmonic.fr\/index.php\/mentions-legales-feelharmonic-michel-latouche\/","name":"MENTIONS L\u00c9GALES - FEELHARMONIC - MICHEL LATOUCHE","isPartOf":{"@id":"https:\/\/feelharmonic.fr\/#website"},"primaryImageOfPage":{"@id":"https:\/\/feelharmonic.fr\/index.php\/mentions-legales-feelharmonic-michel-latouche\/#primaryimage"},"image":{"@id":"https:\/\/feelharmonic.fr\/index.php\/mentions-legales-feelharmonic-michel-latouche\/#primaryimage"},"thumbnailUrl":"https:\/\/feelharmonic.fr\/wp-content\/uploads\/2026\/03\/logo.jpg","datePublished":"2026-03-12T11:42:29+00:00","dateModified":"2026-03-12T11:59:34+00:00","description":"Michel LATOUCHE-FEELHARMONIC-G\u00e9obiologue-\u00c9nerg\u00e9ticien-Radiesth\u00e9siste-Harmonisation du son et de la voix -Bretagne-35","breadcrumb":{"@id":"https:\/\/feelharmonic.fr\/index.php\/mentions-legales-feelharmonic-michel-latouche\/#breadcrumb"},"inLanguage":"fr-FR","potentialAction":[{"@type":"ReadAction","target":["https:\/\/feelharmonic.fr\/index.php\/mentions-legales-feelharmonic-michel-latouche\/"]}]},{"@type":"ImageObject","inLanguage":"fr-FR","@id":"https:\/\/feelharmonic.fr\/index.php\/mentions-legales-feelharmonic-michel-latouche\/#primaryimage","url":"https:\/\/feelharmonic.fr\/wp-content\/uploads\/2026\/03\/logo.jpg","contentUrl":"https:\/\/feelharmonic.fr\/wp-content\/uploads\/2026\/03\/logo.jpg","width":405,"height":404},{"@type":"BreadcrumbList","@id":"https:\/\/feelharmonic.fr\/index.php\/mentions-legales-feelharmonic-michel-latouche\/#breadcrumb","itemListElement":[{"@type":"ListItem","position":1,"name":"Home","item":"https:\/\/feelharmonic.fr\/"},{"@type":"ListItem","position":2,"name":"MENTIONS L\u00c9GALES"}]},{"@type":"WebSite","@id":"https:\/\/feelharmonic.fr\/#website","url":"https:\/\/feelharmonic.fr\/","name":"FEELHARMONIC - MICHEL LATOUCHE","description":"Harmonisation Instrumentale - G\u00e9obiologie - Soins \u00e9nerg\u00e9tiques","potentialAction":[{"@type":"SearchAction","target":{"@type":"EntryPoint","urlTemplate":"https:\/\/feelharmonic.fr\/?s={search_term_string}"},"query-input":{"@type":"PropertyValueSpecification","valueRequired":true,"valueName":"search_term_string"}}],"inLanguage":"fr-FR"}]}},"_links":{"self":[{"href":"https:\/\/feelharmonic.fr\/index.php\/wp-json\/wp\/v2\/pages\/13","targetHints":{"allow":["GET"]}}],"collection":[{"href":"https:\/\/feelharmonic.fr\/index.php\/wp-json\/wp\/v2\/pages"}],"about":[{"href":"https:\/\/feelharmonic.fr\/index.php\/wp-json\/wp\/v2\/types\/page"}],"author":[{"embeddable":true,"href":"https:\/\/feelharmonic.fr\/index.php\/wp-json\/wp\/v2\/users\/1"}],"replies":[{"embeddable":true,"href":"https:\/\/feelharmonic.fr\/index.php\/wp-json\/wp\/v2\/comments?post=13"}],"version-history":[{"count":14,"href":"https:\/\/feelharmonic.fr\/index.php\/wp-json\/wp\/v2\/pages\/13\/revisions"}],"predecessor-version":[{"id":79,"href":"https:\/\/feelharmonic.fr\/index.php\/wp-json\/wp\/v2\/pages\/13\/revisions\/79"}],"wp:attachment":[{"href":"https:\/\/feelharmonic.fr\/index.php\/wp-json\/wp\/v2\/media?parent=13"}],"curies":[{"name":"wp","href":"https:\/\/api.w.org\/{rel}","templated":true}]}}