{"id":121,"date":"2026-03-12T16:34:43","date_gmt":"2026-03-12T16:34:43","guid":{"rendered":"https:\/\/feelharmonic.fr\/?page_id=121"},"modified":"2026-04-14T09:22:43","modified_gmt":"2026-04-14T09:22:43","slug":"contactez-moi","status":"publish","type":"page","link":"https:\/\/feelharmonic.fr\/index.php\/contactez-moi\/","title":{"rendered":"ME CONTACTER"},"content":{"rendered":"\n<p class=\"has-text-align-center\">Et si, me contacter, suffisait \u00e0 prendre conscience de votre lieu, de vos instruments et de vous-m\u00eame et avancer plus sereinement sur votre chemin de vie !!<\/p>\n\n\n<div class=\"wp-block-image\">\n<figure class=\"aligncenter size-full\"><img loading=\"lazy\" decoding=\"async\" width=\"152\" height=\"214\" src=\"https:\/\/feelharmonic.fr\/wp-content\/uploads\/2026\/03\/Michel-LATOUCHE-FEELHARMONIC.png\" alt=\"\" class=\"wp-image-133\"\/><\/figure>\n<\/div>\n\n\n<p>Qu&rsquo;il s&rsquo;agisse d&rsquo;un soin \u00e9nerg\u00e9tique, , d&rsquo;une \u00e9tude g\u00e9obiologique, d&rsquo;un nettoyage \u00e9nerg\u00e9tique du lieu ou d&rsquo;une harmonisation instrumentale ou vocale, expliquez-moi en quelques mots votre besoin.<br><\/p>\n\n\n\n<hr class=\"wp-block-separator has-alpha-channel-opacity\"\/>\n\n\n\n<h5 class=\"wp-block-heading\">&#8211; <em>Par T\u00e9l\u00e9phone<\/em><\/h5>\n\n\n\n<p>Contactez-moi au 06-75-46-55-30<\/p>\n\n\n\n<h5 class=\"wp-block-heading\">&#8211; <em>Par mail<\/em><\/h5>\n\n\n\n<p id=\"latouche@feelharmonic.fr\">En me laissant un message via ce mail: <strong><strong><a href=\"mailto:latouche@feelharmonic.fr\" type=\"mailto\" id=\"mailto:latouche@feelharmonic.fr\">latouche@feelharmonic.fr<\/a><\/strong><\/strong><\/p>\n\n\n\n<h5 class=\"wp-block-heading\">&#8211; <em>Me suivre \/ Me contacter via Facebook<\/em><\/h5>\n\n\n\n<p>\ud83d\udc49 <a href=\"https:\/\/www.facebook.com\/michel.latouche.52\/\" type=\"link\" id=\"https:\/\/www.facebook.com\/michel.latouche.52\/\" target=\"_blank\" rel=\"noreferrer noopener\">lien<\/a><\/p>\n\n\n<div class=\"wp-block-image\">\n<figure class=\"aligncenter size-large is-resized\"><img loading=\"lazy\" decoding=\"async\" width=\"722\" height=\"1024\" src=\"https:\/\/feelharmonic.fr\/wp-content\/uploads\/2026\/03\/14714652-0-1-722x1024.jpg\" alt=\"Me contacter\" class=\"wp-image-122\" style=\"aspect-ratio:0.7050881360170022;width:248px;height:auto\" title=\"Rien n'est plus patient que la nature \/ Ciel-Ether \/ Samuel DESHOUX\" srcset=\"https:\/\/feelharmonic.fr\/wp-content\/uploads\/2026\/03\/14714652-0-1-722x1024.jpg 722w, https:\/\/feelharmonic.fr\/wp-content\/uploads\/2026\/03\/14714652-0-1-211x300.jpg 211w, https:\/\/feelharmonic.fr\/wp-content\/uploads\/2026\/03\/14714652-0-1-768x1090.jpg 768w, https:\/\/feelharmonic.fr\/wp-content\/uploads\/2026\/03\/14714652-0-1.jpg 874w\" sizes=\"auto, (max-width: 722px) 100vw, 722px\" \/><\/figure>\n<\/div>\n\n\n<p><\/p>\n\n\n\n<p><\/p>\n\n\n<div class=\"wp-block-image\">\n<figure class=\"aligncenter size-full is-resized\"><img loading=\"lazy\" decoding=\"async\" width=\"405\" height=\"404\" src=\"https:\/\/feelharmonic.fr\/wp-content\/uploads\/2026\/03\/logo.jpg\" alt=\"\" class=\"wp-image-18\" style=\"width:126px;height:auto\" srcset=\"https:\/\/feelharmonic.fr\/wp-content\/uploads\/2026\/03\/logo.jpg 405w, https:\/\/feelharmonic.fr\/wp-content\/uploads\/2026\/03\/logo-300x300.jpg 300w, https:\/\/feelharmonic.fr\/wp-content\/uploads\/2026\/03\/logo-150x150.jpg 150w, https:\/\/feelharmonic.fr\/wp-content\/uploads\/2026\/03\/logo-75x75.jpg 75w\" sizes=\"auto, (max-width: 405px) 100vw, 405px\" \/><\/figure>\n<\/div>\n\n\n<p><\/p>\n","protected":false},"excerpt":{"rendered":"<p>Et si, me contacter, suffisait \u00e0 prendre conscience de votre lieu, de vos instruments et de vous-m\u00eame et avancer plus sereinement sur votre chemin de vie !! Qu&rsquo;il s&rsquo;agisse d&rsquo;un soin \u00e9nerg\u00e9tique, , d&rsquo;une \u00e9tude g\u00e9obiologique, d&rsquo;un nettoyage \u00e9nerg\u00e9tique du lieu ou d&rsquo;une harmonisation instrumentale ou vocale, expliquez-moi en quelques mots votre besoin. &#8211; Par T\u00e9l\u00e9phone Contactez-moi au 06-75-46-55-30 &#8211; Par mail En me laissant un message via ce mail: latouche@feelharmonic.fr &#8211; Me suivre \/ Me contacter via Facebook \ud83d\udc49 lien<\/p>\n","protected":false},"author":1,"featured_media":0,"parent":0,"menu_order":0,"comment_status":"closed","ping_status":"closed","template":"","meta":{"footnotes":""},"class_list":["post-121","page","type-page","status-publish","hentry"],"yoast_head":"<!-- This site is optimized with the Yoast SEO plugin v27.4 - https:\/\/yoast.com\/product\/yoast-seo-wordpress\/ -->\n<title>ME CONTACTER - FEELHARMONIC - MICHEL LATOUCHE<\/title>\n<meta name=\"description\" content=\"Michel Latouche-Radiesthesiste-magn\u00e9tiseur-geobiologue-harmonisation de lieu de l&#039;habitat du son de la voix-rennes-redon-langon-35-bretagne\" \/>\n<meta name=\"robots\" content=\"index, follow, max-snippet:-1, max-image-preview:large, max-video-preview:-1\" \/>\n<link rel=\"canonical\" href=\"https:\/\/feelharmonic.fr\/index.php\/contactez-moi\/\" \/>\n<meta property=\"og:locale\" content=\"fr_FR\" \/>\n<meta property=\"og:type\" content=\"article\" \/>\n<meta property=\"og:title\" content=\"ME CONTACTER - FEELHARMONIC - MICHEL LATOUCHE\" \/>\n<meta property=\"og:description\" content=\"Michel Latouche-Radiesthesiste-magn\u00e9tiseur-geobiologue-harmonisation de lieu de l&#039;habitat du son de la voix-rennes-redon-langon-35-bretagne\" \/>\n<meta property=\"og:url\" content=\"https:\/\/feelharmonic.fr\/index.php\/contactez-moi\/\" \/>\n<meta property=\"og:site_name\" content=\"FEELHARMONIC - MICHEL LATOUCHE\" \/>\n<meta property=\"article:modified_time\" content=\"2026-04-14T09:22:43+00:00\" \/>\n<meta property=\"og:image\" content=\"https:\/\/feelharmonic.fr\/wp-content\/uploads\/2026\/03\/Michel-LATOUCHE-FEELHARMONIC.png\" \/>\n\t<meta property=\"og:image:width\" content=\"152\" \/>\n\t<meta property=\"og:image:height\" content=\"214\" \/>\n\t<meta property=\"og:image:type\" content=\"image\/png\" \/>\n<meta name=\"twitter:card\" content=\"summary_large_image\" \/>\n<meta name=\"twitter:label1\" content=\"Dur\u00e9e de lecture estim\u00e9e\" \/>\n\t<meta name=\"twitter:data1\" content=\"1 minute\" \/>\n<script type=\"application\/ld+json\" class=\"yoast-schema-graph\">{\"@context\":\"https:\\\/\\\/schema.org\",\"@graph\":[{\"@type\":\"WebPage\",\"@id\":\"https:\\\/\\\/feelharmonic.fr\\\/index.php\\\/contactez-moi\\\/\",\"url\":\"https:\\\/\\\/feelharmonic.fr\\\/index.php\\\/contactez-moi\\\/\",\"name\":\"ME CONTACTER - FEELHARMONIC - MICHEL LATOUCHE\",\"isPartOf\":{\"@id\":\"https:\\\/\\\/feelharmonic.fr\\\/#website\"},\"primaryImageOfPage\":{\"@id\":\"https:\\\/\\\/feelharmonic.fr\\\/index.php\\\/contactez-moi\\\/#primaryimage\"},\"image\":{\"@id\":\"https:\\\/\\\/feelharmonic.fr\\\/index.php\\\/contactez-moi\\\/#primaryimage\"},\"thumbnailUrl\":\"https:\\\/\\\/feelharmonic.fr\\\/wp-content\\\/uploads\\\/2026\\\/03\\\/Michel-LATOUCHE-FEELHARMONIC.png\",\"datePublished\":\"2026-03-12T16:34:43+00:00\",\"dateModified\":\"2026-04-14T09:22:43+00:00\",\"description\":\"Michel Latouche-Radiesthesiste-magn\u00e9tiseur-geobiologue-harmonisation de lieu de l'habitat du son de la voix-rennes-redon-langon-35-bretagne\",\"breadcrumb\":{\"@id\":\"https:\\\/\\\/feelharmonic.fr\\\/index.php\\\/contactez-moi\\\/#breadcrumb\"},\"inLanguage\":\"fr-FR\",\"potentialAction\":[{\"@type\":\"ReadAction\",\"target\":[\"https:\\\/\\\/feelharmonic.fr\\\/index.php\\\/contactez-moi\\\/\"]}]},{\"@type\":\"ImageObject\",\"inLanguage\":\"fr-FR\",\"@id\":\"https:\\\/\\\/feelharmonic.fr\\\/index.php\\\/contactez-moi\\\/#primaryimage\",\"url\":\"https:\\\/\\\/feelharmonic.fr\\\/wp-content\\\/uploads\\\/2026\\\/03\\\/Michel-LATOUCHE-FEELHARMONIC.png\",\"contentUrl\":\"https:\\\/\\\/feelharmonic.fr\\\/wp-content\\\/uploads\\\/2026\\\/03\\\/Michel-LATOUCHE-FEELHARMONIC.png\",\"width\":152,\"height\":214},{\"@type\":\"BreadcrumbList\",\"@id\":\"https:\\\/\\\/feelharmonic.fr\\\/index.php\\\/contactez-moi\\\/#breadcrumb\",\"itemListElement\":[{\"@type\":\"ListItem\",\"position\":1,\"name\":\"Home\",\"item\":\"https:\\\/\\\/feelharmonic.fr\\\/\"},{\"@type\":\"ListItem\",\"position\":2,\"name\":\"ME CONTACTER\"}]},{\"@type\":\"WebSite\",\"@id\":\"https:\\\/\\\/feelharmonic.fr\\\/#website\",\"url\":\"https:\\\/\\\/feelharmonic.fr\\\/\",\"name\":\"FEELHARMONIC - MICHEL LATOUCHE\",\"description\":\"Harmonisation Instrumentale - G\u00e9obiologie - Soins \u00e9nerg\u00e9tiques\",\"potentialAction\":[{\"@type\":\"SearchAction\",\"target\":{\"@type\":\"EntryPoint\",\"urlTemplate\":\"https:\\\/\\\/feelharmonic.fr\\\/?s={search_term_string}\"},\"query-input\":{\"@type\":\"PropertyValueSpecification\",\"valueRequired\":true,\"valueName\":\"search_term_string\"}}],\"inLanguage\":\"fr-FR\"}]}<\/script>\n<!-- \/ Yoast SEO plugin. -->","yoast_head_json":{"title":"ME CONTACTER - FEELHARMONIC - MICHEL LATOUCHE","description":"Michel Latouche-Radiesthesiste-magn\u00e9tiseur-geobiologue-harmonisation de lieu de l'habitat du son de la voix-rennes-redon-langon-35-bretagne","robots":{"index":"index","follow":"follow","max-snippet":"max-snippet:-1","max-image-preview":"max-image-preview:large","max-video-preview":"max-video-preview:-1"},"canonical":"https:\/\/feelharmonic.fr\/index.php\/contactez-moi\/","og_locale":"fr_FR","og_type":"article","og_title":"ME CONTACTER - FEELHARMONIC - MICHEL LATOUCHE","og_description":"Michel Latouche-Radiesthesiste-magn\u00e9tiseur-geobiologue-harmonisation de lieu de l'habitat du son de la voix-rennes-redon-langon-35-bretagne","og_url":"https:\/\/feelharmonic.fr\/index.php\/contactez-moi\/","og_site_name":"FEELHARMONIC - MICHEL LATOUCHE","article_modified_time":"2026-04-14T09:22:43+00:00","og_image":[{"width":152,"height":214,"url":"https:\/\/feelharmonic.fr\/wp-content\/uploads\/2026\/03\/Michel-LATOUCHE-FEELHARMONIC.png","type":"image\/png"}],"twitter_card":"summary_large_image","twitter_misc":{"Dur\u00e9e de lecture estim\u00e9e":"1 minute"},"schema":{"@context":"https:\/\/schema.org","@graph":[{"@type":"WebPage","@id":"https:\/\/feelharmonic.fr\/index.php\/contactez-moi\/","url":"https:\/\/feelharmonic.fr\/index.php\/contactez-moi\/","name":"ME CONTACTER - FEELHARMONIC - MICHEL LATOUCHE","isPartOf":{"@id":"https:\/\/feelharmonic.fr\/#website"},"primaryImageOfPage":{"@id":"https:\/\/feelharmonic.fr\/index.php\/contactez-moi\/#primaryimage"},"image":{"@id":"https:\/\/feelharmonic.fr\/index.php\/contactez-moi\/#primaryimage"},"thumbnailUrl":"https:\/\/feelharmonic.fr\/wp-content\/uploads\/2026\/03\/Michel-LATOUCHE-FEELHARMONIC.png","datePublished":"2026-03-12T16:34:43+00:00","dateModified":"2026-04-14T09:22:43+00:00","description":"Michel Latouche-Radiesthesiste-magn\u00e9tiseur-geobiologue-harmonisation de lieu de l'habitat du son de la voix-rennes-redon-langon-35-bretagne","breadcrumb":{"@id":"https:\/\/feelharmonic.fr\/index.php\/contactez-moi\/#breadcrumb"},"inLanguage":"fr-FR","potentialAction":[{"@type":"ReadAction","target":["https:\/\/feelharmonic.fr\/index.php\/contactez-moi\/"]}]},{"@type":"ImageObject","inLanguage":"fr-FR","@id":"https:\/\/feelharmonic.fr\/index.php\/contactez-moi\/#primaryimage","url":"https:\/\/feelharmonic.fr\/wp-content\/uploads\/2026\/03\/Michel-LATOUCHE-FEELHARMONIC.png","contentUrl":"https:\/\/feelharmonic.fr\/wp-content\/uploads\/2026\/03\/Michel-LATOUCHE-FEELHARMONIC.png","width":152,"height":214},{"@type":"BreadcrumbList","@id":"https:\/\/feelharmonic.fr\/index.php\/contactez-moi\/#breadcrumb","itemListElement":[{"@type":"ListItem","position":1,"name":"Home","item":"https:\/\/feelharmonic.fr\/"},{"@type":"ListItem","position":2,"name":"ME CONTACTER"}]},{"@type":"WebSite","@id":"https:\/\/feelharmonic.fr\/#website","url":"https:\/\/feelharmonic.fr\/","name":"FEELHARMONIC - MICHEL LATOUCHE","description":"Harmonisation Instrumentale - G\u00e9obiologie - Soins \u00e9nerg\u00e9tiques","potentialAction":[{"@type":"SearchAction","target":{"@type":"EntryPoint","urlTemplate":"https:\/\/feelharmonic.fr\/?s={search_term_string}"},"query-input":{"@type":"PropertyValueSpecification","valueRequired":true,"valueName":"search_term_string"}}],"inLanguage":"fr-FR"}]}},"_links":{"self":[{"href":"https:\/\/feelharmonic.fr\/index.php\/wp-json\/wp\/v2\/pages\/121","targetHints":{"allow":["GET"]}}],"collection":[{"href":"https:\/\/feelharmonic.fr\/index.php\/wp-json\/wp\/v2\/pages"}],"about":[{"href":"https:\/\/feelharmonic.fr\/index.php\/wp-json\/wp\/v2\/types\/page"}],"author":[{"embeddable":true,"href":"https:\/\/feelharmonic.fr\/index.php\/wp-json\/wp\/v2\/users\/1"}],"replies":[{"embeddable":true,"href":"https:\/\/feelharmonic.fr\/index.php\/wp-json\/wp\/v2\/comments?post=121"}],"version-history":[{"count":26,"href":"https:\/\/feelharmonic.fr\/index.php\/wp-json\/wp\/v2\/pages\/121\/revisions"}],"predecessor-version":[{"id":250,"href":"https:\/\/feelharmonic.fr\/index.php\/wp-json\/wp\/v2\/pages\/121\/revisions\/250"}],"wp:attachment":[{"href":"https:\/\/feelharmonic.fr\/index.php\/wp-json\/wp\/v2\/media?parent=121"}],"curies":[{"name":"wp","href":"https:\/\/api.w.org\/{rel}","templated":true}]}}