{"id":107,"date":"2026-03-12T16:18:11","date_gmt":"2026-03-12T16:18:11","guid":{"rendered":"https:\/\/feelharmonic.fr\/?page_id=107"},"modified":"2026-03-18T09:07:51","modified_gmt":"2026-03-18T09:07:51","slug":"harmonisation-instrumentale-et-vocale","status":"publish","type":"page","link":"https:\/\/feelharmonic.fr\/index.php\/harmonisation-instrumentale-et-vocale\/","title":{"rendered":"HARMONISATION INSTRUMENTALE ET VOCALE"},"content":{"rendered":"\n<p><\/p>\n\n\n\n<hr class=\"wp-block-separator has-alpha-channel-opacity\"\/>\n\n\n\n\n\n\n\n<hr class=\"wp-block-separator has-alpha-channel-opacity\"\/>\n\n\n\n<p><\/p>\n\n\n\n<h2 class=\"wp-block-heading has-text-align-center has-vivid-red-color has-text-color has-link-color wp-elements-317cabd664991dd9c0c9d136e6813509\">Harmonisation Instrumentale et Vocale<\/h2>\n\n\n\n<p class=\"has-text-align-center\"><\/p>\n\n\n\n<p><br>Sp\u00e9cialis\u00e9 dans l&rsquo;harmonisation instrumentale et vocale, par \u00e9nerg\u00e9tique et spectres diff\u00e9renci\u00e9s des couleurs avec le cadran de B\u00e9lizal\/Chaumery qui agit sur les longueurs d&rsquo;ondes ainsi que celui de St\u00e9phane Cardinaux qui agit sur la r\u00e9sonnance des couleurs, cette m\u00e9thode est in\u00e9dite sur ces activit\u00e9s artistiques. <\/p>\n\n\n\n<p>Votre instrument, comme votre voix, b\u00e9n\u00e9ficie d\u00e9j\u00e0 de soins rigoureux, d\u2019une technologie de pointe et d\u2019un son exceptionnel mais la m\u00e9thode \u00e9nerg\u00e9tique que je vous propose peut am\u00e9liorer encore davantage la qualit\u00e9 de votre instrument et celle de votre jeu.<\/p>\n\n\n\n<p>Cette approche permet \u00e9galement de supprimer les parasitages subtiles et invisibles, non accessibles par les m\u00e9thodes traditionnelles.<\/p>\n\n\n\n<p>Par syntonisation (mise en fr\u00e9quence instruments\/musiciens), votre aisance d\u2019ex\u00e9cution est am\u00e9lior\u00e9e et le son de votre instrument enrichi et lib\u00e9r\u00e9.<\/p>\n\n\n<div class=\"wp-block-image\">\n<figure class=\"aligncenter size-full is-resized\"><img loading=\"lazy\" decoding=\"async\" width=\"918\" height=\"811\" src=\"https:\/\/feelharmonic.fr\/wp-content\/uploads\/2026\/03\/cadran-spectre-des-couleurs-SD.png\" alt=\"\" class=\"wp-image-109\" style=\"aspect-ratio:1.131956288295117;width:397px;height:auto\" srcset=\"https:\/\/feelharmonic.fr\/wp-content\/uploads\/2026\/03\/cadran-spectre-des-couleurs-SD.png 918w, https:\/\/feelharmonic.fr\/wp-content\/uploads\/2026\/03\/cadran-spectre-des-couleurs-SD-300x265.png 300w, https:\/\/feelharmonic.fr\/wp-content\/uploads\/2026\/03\/cadran-spectre-des-couleurs-SD-768x678.png 768w\" sizes=\"auto, (max-width: 918px) 100vw, 918px\" \/><\/figure>\n<\/div>\n\n\n<p><\/p>\n\n\n\n<h2 class=\"wp-block-heading has-text-align-center has-vivid-red-color has-text-color has-link-color wp-elements-d2dfecc0c508f8d81cd70af14df98b5b\">\u00c0 qui s&rsquo;adresse-t-il ?<\/h2>\n\n\n\n<p><br>Musiciens professionnels et amateurs, musicoth\u00e9rapeutes, accordeurs, r\u00e9parateurs et fabricants d\u2019instruments, professionnels du son et de la voix, chanteurs lyriques, probl\u00e9matiques de cordes vocales\u2026<\/p>\n\n\n\n<p>Une m\u00e9thode \u00e9nerg\u00e9tique unique pour un son sublim\u00e9.<\/p>\n\n\n\n<p>Je me tiens \u00e0 la disposition des musiciens, professionnels du son et amateurs pour partager et approfondir cette exp\u00e9rience de l&rsquo;harmonisation instrumentale par magn\u00e9tisme \u00e9nerg\u00e9tique.<\/p>\n\n\n<div class=\"wp-block-image\">\n<figure class=\"aligncenter size-full is-resized\"><img loading=\"lazy\" decoding=\"async\" width=\"846\" height=\"664\" src=\"https:\/\/feelharmonic.fr\/wp-content\/uploads\/2026\/03\/Spectre-de-stephane-cardinaux.png\" alt=\"\" class=\"wp-image-110\" style=\"aspect-ratio:1.2741148030525666;width:475px;height:auto\" srcset=\"https:\/\/feelharmonic.fr\/wp-content\/uploads\/2026\/03\/Spectre-de-stephane-cardinaux.png 846w, https:\/\/feelharmonic.fr\/wp-content\/uploads\/2026\/03\/Spectre-de-stephane-cardinaux-300x235.png 300w, https:\/\/feelharmonic.fr\/wp-content\/uploads\/2026\/03\/Spectre-de-stephane-cardinaux-768x603.png 768w\" sizes=\"auto, (max-width: 846px) 100vw, 846px\" \/><\/figure>\n<\/div>\n\n\n<h2 class=\"wp-block-heading has-text-align-center has-vivid-red-color has-text-color has-link-color wp-elements-6162ab7a50e8d3c1b285cbef638aa92d\">Tarifs de mes prestations instrumentales et lyriques<\/h2>\n\n\n\n<p class=\"has-text-align-center\"><\/p>\n\n\n\n<p><br>C\u2019est avec plaisir que je r\u00e9pondrai aux demandes de particuliers comme de professionnels. &nbsp;<br>Consultations sur rendez-vous<br>Interventions en pr\u00e9sentiel ou distanciels suivant les besoins, la proximit\u00e9 et diff\u00e9rents autres param\u00e8tres \u00e0 quantifier lors d&rsquo;un premier \u00e9change mail ou t\u00e9l\u00e9phonique<\/p>\n\n\n\n<p>Prestations \u00e0 partir de 80\u20ac\/h. Travail sur le lieu (ajoutez frais de d\u00e9placement) ou \u00e0 distance.<\/p>\n\n\n\n<p class=\"has-vivid-cyan-blue-color has-text-color has-link-color wp-elements-82d3ae9f664c95b71bc564849bbef549\">T\u00e9moignage de Bernard SABATIER: \u00ab\u00a0<em>Les mains de Michel Latouche apportent ordre et harmonie l\u00e0 celles du luthier rencontrent des limites<\/em>.\u00a0\u00bb (<a href=\"https:\/\/feelharmonic.fr\/wp-content\/uploads\/2026\/03\/Temoignage-harmonisation-violon-Bernard-Sabatier.jpg\" target=\"_blank\" rel=\"noreferrer noopener\">lien photo de ce t\u00e9moignage<\/a>)<\/p>\n\n\n<div class=\"wp-block-image\">\n<figure class=\"aligncenter size-large is-resized\"><img loading=\"lazy\" decoding=\"async\" width=\"768\" height=\"1024\" src=\"https:\/\/feelharmonic.fr\/wp-content\/uploads\/2026\/03\/feelharmonic-harmonisation-768x1024.jpg\" alt=\"\" class=\"wp-image-147\" style=\"aspect-ratio:0.7500123878895991;width:256px;height:auto\" srcset=\"https:\/\/feelharmonic.fr\/wp-content\/uploads\/2026\/03\/feelharmonic-harmonisation-768x1024.jpg 768w, https:\/\/feelharmonic.fr\/wp-content\/uploads\/2026\/03\/feelharmonic-harmonisation-225x300.jpg 225w, https:\/\/feelharmonic.fr\/wp-content\/uploads\/2026\/03\/feelharmonic-harmonisation-1152x1536.jpg 1152w, https:\/\/feelharmonic.fr\/wp-content\/uploads\/2026\/03\/feelharmonic-harmonisation-1140x1520.jpg 1140w, https:\/\/feelharmonic.fr\/wp-content\/uploads\/2026\/03\/feelharmonic-harmonisation-rotated.jpg 1536w\" sizes=\"auto, (max-width: 768px) 100vw, 768px\" \/><\/figure>\n<\/div>\n\n<div class=\"wp-block-image\">\n<figure class=\"aligncenter size-full is-resized\"><img loading=\"lazy\" decoding=\"async\" width=\"405\" height=\"404\" src=\"https:\/\/feelharmonic.fr\/wp-content\/uploads\/2026\/03\/logo.jpg\" alt=\"\" class=\"wp-image-18\" style=\"width:126px;height:auto\" srcset=\"https:\/\/feelharmonic.fr\/wp-content\/uploads\/2026\/03\/logo.jpg 405w, https:\/\/feelharmonic.fr\/wp-content\/uploads\/2026\/03\/logo-300x300.jpg 300w, https:\/\/feelharmonic.fr\/wp-content\/uploads\/2026\/03\/logo-150x150.jpg 150w, https:\/\/feelharmonic.fr\/wp-content\/uploads\/2026\/03\/logo-75x75.jpg 75w\" sizes=\"auto, (max-width: 405px) 100vw, 405px\" \/><\/figure>\n<\/div>\n\n\n<p><\/p>\n","protected":false},"excerpt":{"rendered":"<p>Harmonisation Instrumentale et Vocale Sp\u00e9cialis\u00e9 dans l&rsquo;harmonisation instrumentale et vocale, par \u00e9nerg\u00e9tique et spectres diff\u00e9renci\u00e9s des couleurs avec le cadran de B\u00e9lizal\/Chaumery qui agit sur les longueurs d&rsquo;ondes ainsi que celui de St\u00e9phane Cardinaux qui agit sur la r\u00e9sonnance des couleurs, cette m\u00e9thode est in\u00e9dite sur ces activit\u00e9s artistiques. Votre instrument, comme votre voix, b\u00e9n\u00e9ficie d\u00e9j\u00e0 de soins rigoureux, d\u2019une technologie de pointe et d\u2019un son exceptionnel mais la m\u00e9thode \u00e9nerg\u00e9tique que je vous propose peut am\u00e9liorer encore davantage la qualit\u00e9 de votre instrument et celle de votre jeu. Cette approche permet \u00e9galement de supprimer les parasitages subtiles et invisibles, non accessibles par les m\u00e9thodes traditionnelles. Par syntonisation (mise en fr\u00e9quence instruments\/musiciens), votre aisance d\u2019ex\u00e9cution est am\u00e9lior\u00e9e et le son de votre instrument enrichi et lib\u00e9r\u00e9. \u00c0 qui s&rsquo;adresse-t-il ? Musiciens professionnels et amateurs, musicoth\u00e9rapeutes, accordeurs, r\u00e9parateurs et fabricants d\u2019instruments, professionnels du son et de la voix, chanteurs lyriques, probl\u00e9matiques de cordes vocales\u2026 Une m\u00e9thode \u00e9nerg\u00e9tique unique pour un son sublim\u00e9. Je me tiens \u00e0 la disposition des musiciens, professionnels du son et amateurs pour partager et approfondir cette exp\u00e9rience de l&rsquo;harmonisation instrumentale par magn\u00e9tisme \u00e9nerg\u00e9tique. Tarifs de mes prestations instrumentales et lyriques C\u2019est avec plaisir que je r\u00e9pondrai aux demandes de particuliers comme de professionnels. &nbsp;Consultations sur rendez-vousInterventions en pr\u00e9sentiel ou distanciels suivant les besoins, la proximit\u00e9 et diff\u00e9rents autres param\u00e8tres \u00e0 quantifier lors d&rsquo;un premier \u00e9change mail ou t\u00e9l\u00e9phonique Prestations \u00e0 partir de 80\u20ac\/h. Travail sur le lieu (ajoutez frais de d\u00e9placement) ou \u00e0 distance. T\u00e9moignage de Bernard SABATIER: \u00ab\u00a0Les mains de Michel Latouche apportent ordre et harmonie l\u00e0 celles du luthier rencontrent des limites.\u00a0\u00bb (lien photo de ce t\u00e9moignage)<\/p>\n","protected":false},"author":1,"featured_media":0,"parent":0,"menu_order":0,"comment_status":"closed","ping_status":"closed","template":"","meta":{"footnotes":""},"class_list":["post-107","page","type-page","status-publish","hentry"],"yoast_head":"<!-- This site is optimized with the Yoast SEO plugin v27.4 - https:\/\/yoast.com\/product\/yoast-seo-wordpress\/ -->\n<title>HARMONISATION INSTRUMENTALE ET VOCALE - FEELHARMONIC - MICHEL LATOUCHE<\/title>\n<meta name=\"description\" content=\"harmonisation instrumentale et vocale-soins \u00e9nerg\u00e9tiques-spectre de B\u00e9lizal- Spectre des couleurs St\u00e9phane cardinaux-Rennes-Redon-Bretagne\" \/>\n<meta name=\"robots\" content=\"index, follow, max-snippet:-1, max-image-preview:large, max-video-preview:-1\" \/>\n<link rel=\"canonical\" href=\"https:\/\/feelharmonic.fr\/index.php\/harmonisation-instrumentale-et-vocale\/\" \/>\n<meta property=\"og:locale\" content=\"fr_FR\" \/>\n<meta property=\"og:type\" content=\"article\" \/>\n<meta property=\"og:title\" content=\"HARMONISATION INSTRUMENTALE ET VOCALE - FEELHARMONIC - MICHEL LATOUCHE\" \/>\n<meta property=\"og:description\" content=\"harmonisation instrumentale et vocale-soins \u00e9nerg\u00e9tiques-spectre de B\u00e9lizal- Spectre des couleurs St\u00e9phane cardinaux-Rennes-Redon-Bretagne\" \/>\n<meta property=\"og:url\" content=\"https:\/\/feelharmonic.fr\/index.php\/harmonisation-instrumentale-et-vocale\/\" \/>\n<meta property=\"og:site_name\" content=\"FEELHARMONIC - MICHEL LATOUCHE\" \/>\n<meta property=\"article:modified_time\" content=\"2026-03-18T09:07:51+00:00\" \/>\n<meta property=\"og:image\" content=\"https:\/\/feelharmonic.fr\/wp-content\/uploads\/2026\/03\/cadran-spectre-des-couleurs-SD.png\" \/>\n<meta name=\"twitter:card\" content=\"summary_large_image\" \/>\n<meta name=\"twitter:label1\" content=\"Dur\u00e9e de lecture estim\u00e9e\" \/>\n\t<meta name=\"twitter:data1\" content=\"3 minutes\" \/>\n<script type=\"application\/ld+json\" class=\"yoast-schema-graph\">{\"@context\":\"https:\\\/\\\/schema.org\",\"@graph\":[{\"@type\":\"WebPage\",\"@id\":\"https:\\\/\\\/feelharmonic.fr\\\/index.php\\\/harmonisation-instrumentale-et-vocale\\\/\",\"url\":\"https:\\\/\\\/feelharmonic.fr\\\/index.php\\\/harmonisation-instrumentale-et-vocale\\\/\",\"name\":\"HARMONISATION INSTRUMENTALE ET VOCALE - FEELHARMONIC - MICHEL LATOUCHE\",\"isPartOf\":{\"@id\":\"https:\\\/\\\/feelharmonic.fr\\\/#website\"},\"primaryImageOfPage\":{\"@id\":\"https:\\\/\\\/feelharmonic.fr\\\/index.php\\\/harmonisation-instrumentale-et-vocale\\\/#primaryimage\"},\"image\":{\"@id\":\"https:\\\/\\\/feelharmonic.fr\\\/index.php\\\/harmonisation-instrumentale-et-vocale\\\/#primaryimage\"},\"thumbnailUrl\":\"https:\\\/\\\/feelharmonic.fr\\\/wp-content\\\/uploads\\\/2026\\\/03\\\/cadran-spectre-des-couleurs-SD.png\",\"datePublished\":\"2026-03-12T16:18:11+00:00\",\"dateModified\":\"2026-03-18T09:07:51+00:00\",\"description\":\"harmonisation instrumentale et vocale-soins \u00e9nerg\u00e9tiques-spectre de B\u00e9lizal- Spectre des couleurs St\u00e9phane cardinaux-Rennes-Redon-Bretagne\",\"breadcrumb\":{\"@id\":\"https:\\\/\\\/feelharmonic.fr\\\/index.php\\\/harmonisation-instrumentale-et-vocale\\\/#breadcrumb\"},\"inLanguage\":\"fr-FR\",\"potentialAction\":[{\"@type\":\"ReadAction\",\"target\":[\"https:\\\/\\\/feelharmonic.fr\\\/index.php\\\/harmonisation-instrumentale-et-vocale\\\/\"]}]},{\"@type\":\"ImageObject\",\"inLanguage\":\"fr-FR\",\"@id\":\"https:\\\/\\\/feelharmonic.fr\\\/index.php\\\/harmonisation-instrumentale-et-vocale\\\/#primaryimage\",\"url\":\"https:\\\/\\\/feelharmonic.fr\\\/wp-content\\\/uploads\\\/2026\\\/03\\\/cadran-spectre-des-couleurs-SD.png\",\"contentUrl\":\"https:\\\/\\\/feelharmonic.fr\\\/wp-content\\\/uploads\\\/2026\\\/03\\\/cadran-spectre-des-couleurs-SD.png\",\"width\":918,\"height\":811},{\"@type\":\"BreadcrumbList\",\"@id\":\"https:\\\/\\\/feelharmonic.fr\\\/index.php\\\/harmonisation-instrumentale-et-vocale\\\/#breadcrumb\",\"itemListElement\":[{\"@type\":\"ListItem\",\"position\":1,\"name\":\"Home\",\"item\":\"https:\\\/\\\/feelharmonic.fr\\\/\"},{\"@type\":\"ListItem\",\"position\":2,\"name\":\"HARMONISATION INSTRUMENTALE ET VOCALE\"}]},{\"@type\":\"WebSite\",\"@id\":\"https:\\\/\\\/feelharmonic.fr\\\/#website\",\"url\":\"https:\\\/\\\/feelharmonic.fr\\\/\",\"name\":\"FEELHARMONIC - MICHEL LATOUCHE\",\"description\":\"Harmonisation Instrumentale - G\u00e9obiologie - Soins \u00e9nerg\u00e9tiques\",\"potentialAction\":[{\"@type\":\"SearchAction\",\"target\":{\"@type\":\"EntryPoint\",\"urlTemplate\":\"https:\\\/\\\/feelharmonic.fr\\\/?s={search_term_string}\"},\"query-input\":{\"@type\":\"PropertyValueSpecification\",\"valueRequired\":true,\"valueName\":\"search_term_string\"}}],\"inLanguage\":\"fr-FR\"}]}<\/script>\n<!-- \/ Yoast SEO plugin. -->","yoast_head_json":{"title":"HARMONISATION INSTRUMENTALE ET VOCALE - FEELHARMONIC - MICHEL LATOUCHE","description":"harmonisation instrumentale et vocale-soins \u00e9nerg\u00e9tiques-spectre de B\u00e9lizal- Spectre des couleurs St\u00e9phane cardinaux-Rennes-Redon-Bretagne","robots":{"index":"index","follow":"follow","max-snippet":"max-snippet:-1","max-image-preview":"max-image-preview:large","max-video-preview":"max-video-preview:-1"},"canonical":"https:\/\/feelharmonic.fr\/index.php\/harmonisation-instrumentale-et-vocale\/","og_locale":"fr_FR","og_type":"article","og_title":"HARMONISATION INSTRUMENTALE ET VOCALE - FEELHARMONIC - MICHEL LATOUCHE","og_description":"harmonisation instrumentale et vocale-soins \u00e9nerg\u00e9tiques-spectre de B\u00e9lizal- Spectre des couleurs St\u00e9phane cardinaux-Rennes-Redon-Bretagne","og_url":"https:\/\/feelharmonic.fr\/index.php\/harmonisation-instrumentale-et-vocale\/","og_site_name":"FEELHARMONIC - MICHEL LATOUCHE","article_modified_time":"2026-03-18T09:07:51+00:00","og_image":[{"url":"https:\/\/feelharmonic.fr\/wp-content\/uploads\/2026\/03\/cadran-spectre-des-couleurs-SD.png","type":"","width":"","height":""}],"twitter_card":"summary_large_image","twitter_misc":{"Dur\u00e9e de lecture estim\u00e9e":"3 minutes"},"schema":{"@context":"https:\/\/schema.org","@graph":[{"@type":"WebPage","@id":"https:\/\/feelharmonic.fr\/index.php\/harmonisation-instrumentale-et-vocale\/","url":"https:\/\/feelharmonic.fr\/index.php\/harmonisation-instrumentale-et-vocale\/","name":"HARMONISATION INSTRUMENTALE ET VOCALE - FEELHARMONIC - MICHEL LATOUCHE","isPartOf":{"@id":"https:\/\/feelharmonic.fr\/#website"},"primaryImageOfPage":{"@id":"https:\/\/feelharmonic.fr\/index.php\/harmonisation-instrumentale-et-vocale\/#primaryimage"},"image":{"@id":"https:\/\/feelharmonic.fr\/index.php\/harmonisation-instrumentale-et-vocale\/#primaryimage"},"thumbnailUrl":"https:\/\/feelharmonic.fr\/wp-content\/uploads\/2026\/03\/cadran-spectre-des-couleurs-SD.png","datePublished":"2026-03-12T16:18:11+00:00","dateModified":"2026-03-18T09:07:51+00:00","description":"harmonisation instrumentale et vocale-soins \u00e9nerg\u00e9tiques-spectre de B\u00e9lizal- Spectre des couleurs St\u00e9phane cardinaux-Rennes-Redon-Bretagne","breadcrumb":{"@id":"https:\/\/feelharmonic.fr\/index.php\/harmonisation-instrumentale-et-vocale\/#breadcrumb"},"inLanguage":"fr-FR","potentialAction":[{"@type":"ReadAction","target":["https:\/\/feelharmonic.fr\/index.php\/harmonisation-instrumentale-et-vocale\/"]}]},{"@type":"ImageObject","inLanguage":"fr-FR","@id":"https:\/\/feelharmonic.fr\/index.php\/harmonisation-instrumentale-et-vocale\/#primaryimage","url":"https:\/\/feelharmonic.fr\/wp-content\/uploads\/2026\/03\/cadran-spectre-des-couleurs-SD.png","contentUrl":"https:\/\/feelharmonic.fr\/wp-content\/uploads\/2026\/03\/cadran-spectre-des-couleurs-SD.png","width":918,"height":811},{"@type":"BreadcrumbList","@id":"https:\/\/feelharmonic.fr\/index.php\/harmonisation-instrumentale-et-vocale\/#breadcrumb","itemListElement":[{"@type":"ListItem","position":1,"name":"Home","item":"https:\/\/feelharmonic.fr\/"},{"@type":"ListItem","position":2,"name":"HARMONISATION INSTRUMENTALE ET VOCALE"}]},{"@type":"WebSite","@id":"https:\/\/feelharmonic.fr\/#website","url":"https:\/\/feelharmonic.fr\/","name":"FEELHARMONIC - MICHEL LATOUCHE","description":"Harmonisation Instrumentale - G\u00e9obiologie - Soins \u00e9nerg\u00e9tiques","potentialAction":[{"@type":"SearchAction","target":{"@type":"EntryPoint","urlTemplate":"https:\/\/feelharmonic.fr\/?s={search_term_string}"},"query-input":{"@type":"PropertyValueSpecification","valueRequired":true,"valueName":"search_term_string"}}],"inLanguage":"fr-FR"}]}},"_links":{"self":[{"href":"https:\/\/feelharmonic.fr\/index.php\/wp-json\/wp\/v2\/pages\/107","targetHints":{"allow":["GET"]}}],"collection":[{"href":"https:\/\/feelharmonic.fr\/index.php\/wp-json\/wp\/v2\/pages"}],"about":[{"href":"https:\/\/feelharmonic.fr\/index.php\/wp-json\/wp\/v2\/types\/page"}],"author":[{"embeddable":true,"href":"https:\/\/feelharmonic.fr\/index.php\/wp-json\/wp\/v2\/users\/1"}],"replies":[{"embeddable":true,"href":"https:\/\/feelharmonic.fr\/index.php\/wp-json\/wp\/v2\/comments?post=107"}],"version-history":[{"count":14,"href":"https:\/\/feelharmonic.fr\/index.php\/wp-json\/wp\/v2\/pages\/107\/revisions"}],"predecessor-version":[{"id":188,"href":"https:\/\/feelharmonic.fr\/index.php\/wp-json\/wp\/v2\/pages\/107\/revisions\/188"}],"wp:attachment":[{"href":"https:\/\/feelharmonic.fr\/index.php\/wp-json\/wp\/v2\/media?parent=107"}],"curies":[{"name":"wp","href":"https:\/\/api.w.org\/{rel}","templated":true}]}}