{"id":101,"date":"2026-03-12T15:37:49","date_gmt":"2026-03-12T15:37:49","guid":{"rendered":"https:\/\/feelharmonic.fr\/?page_id=101"},"modified":"2026-03-18T13:49:09","modified_gmt":"2026-03-18T13:49:09","slug":"soins-energetiques-magnetisme","status":"publish","type":"page","link":"https:\/\/feelharmonic.fr\/index.php\/soins-energetiques-magnetisme\/","title":{"rendered":"SOINS \u00c9NERG\u00c9TIQUES &#8211; MAGN\u00c9TISME"},"content":{"rendered":"\n<hr class=\"wp-block-separator has-alpha-channel-opacity\"\/>\n\n\n<div class=\"wp-block-image\">\n<figure class=\"aligncenter size-full is-resized\"><img loading=\"lazy\" decoding=\"async\" width=\"1441\" height=\"2560\" src=\"https:\/\/feelharmonic.fr\/wp-content\/uploads\/2026\/03\/IMG_20260318_120534-scaled.jpg\" alt=\"\" class=\"wp-image-212\" style=\"aspect-ratio:0.5628989294868573;width:146px;height:auto\" srcset=\"https:\/\/feelharmonic.fr\/wp-content\/uploads\/2026\/03\/IMG_20260318_120534-scaled.jpg 1441w, https:\/\/feelharmonic.fr\/wp-content\/uploads\/2026\/03\/IMG_20260318_120534-169x300.jpg 169w, https:\/\/feelharmonic.fr\/wp-content\/uploads\/2026\/03\/IMG_20260318_120534-576x1024.jpg 576w, https:\/\/feelharmonic.fr\/wp-content\/uploads\/2026\/03\/IMG_20260318_120534-768x1365.jpg 768w, https:\/\/feelharmonic.fr\/wp-content\/uploads\/2026\/03\/IMG_20260318_120534-864x1536.jpg 864w, https:\/\/feelharmonic.fr\/wp-content\/uploads\/2026\/03\/IMG_20260318_120534-1153x2048.jpg 1153w, https:\/\/feelharmonic.fr\/wp-content\/uploads\/2026\/03\/IMG_20260318_120534-1140x2026.jpg 1140w\" sizes=\"auto, (max-width: 1441px) 100vw, 1441px\" \/><\/figure>\n<\/div>\n\n\n<hr class=\"wp-block-separator has-alpha-channel-opacity\"\/>\n\n\n\n<p><\/p>\n\n\n\n<h2 class=\"wp-block-heading has-text-align-center has-vivid-red-color has-text-color has-link-color wp-elements-9fc3d8ceb89ab3dac282fb07da8dfc37\">Soins \u00c9nerg\u00e9tiques par le ressenti et la canalisation<\/h2>\n\n\n\n<p><\/p>\n\n\n\n<p><br>Depuis des mill\u00e9naires, chaque jour dans le monde, des femmes et des hommes imposent leurs mains pour soulager certains maux ou traumatismes.<br> J&rsquo;interagis en harmonisant l&rsquo;\u00eatre avec son esprit par diff\u00e9rentes techniques de magn\u00e9tisme aid\u00e9 de mon ressenti en r\u00e9sonance sur le corps physique et dans son environnement subtil (parasites, m\u00e9moires des diff\u00e9rents corps \u00e9nerg\u00e9tiques).<br> Je recherche \u00e9galement par r\u00e9sonance des ondes de forme avec le spectre des couleurs Chaumery\/B\u00e9lizal, les diff\u00e9rents blocages ou \u00ab\u00a0satellites impactants\u00a0\u00bb circulant dans vos \u00e9nergies.<br> En compl\u00e9ment de mes pratiques, j&rsquo;utilise la m\u00e9thode des deux points (M2P) transmise par Frauke Kaluzinski qui est un outil de transformation par la conscience.  <\/p>\n\n\n\n<p><br>Retrouvez la paix, la sant\u00e9, l&rsquo;\u00e9quilibre et l&rsquo;harmonie par une diffusion d&rsquo;\u00e9nergie vitale dans vos auras et corps \u00e9nerg\u00e9tiques, assist\u00e9e par la radiesth\u00e9sie et le d\u00e9codage biologique.<br><\/p>\n\n\n\n<p><\/p>\n\n\n\n<h2 class=\"wp-block-heading has-text-align-center has-vivid-red-color has-text-color has-link-color wp-elements-d2dfecc0c508f8d81cd70af14df98b5b\">\u00c0 qui s&rsquo;adresse-t-il ?<\/h2>\n\n\n\n<p><br>Exemples de pathologies humaines:<br>&#8211; Toutes les maladies de peaux (ecz\u00e9ma, Herp\u00e8s, Psoriasis, Verrues\u2026)<br>&#8211; Diff\u00e9rentes allergies<br>&#8211; Asthme et probl\u00e8mes li\u00e9s \u00e0 la respiration<br>&#8211; Stress<br>&#8211; Fatigue, insomnie<br>&#8211; Douleurs articulaires et musculaires<br>&#8211; M\u00e9moires cellulaires<br>&#8211; Traumatismes physiques et \u00e9motionnels<br>&#8211; Pr\u00e9parations aux examens\u2026<\/p>\n\n\n\n<p><br>Exemples de pathologies animales:<br>&#8211; Toutes les maladies de pelages et peaux<br>&#8211; Diff\u00e9rentes allergies<br>&#8211; Probl\u00e8mes li\u00e9s \u00e0 la respiration (coryza et autres)<br>&#8211; Douleurs articulaires et musculaires<br>&#8211; M\u00e9moires cellulaires<br>&#8211; Traumatismes physiques et \u00e9motionnels<\/p>\n\n\n\n<p><br>Restaurez la dynamique naturelle de votre corps et de vos mouvements naturels.<\/p>\n\n\n\n<p>R\u00e9veillez et optimisez votre potentiel.<\/p>\n\n\n\n<h2 class=\"wp-block-heading has-text-align-center has-vivid-red-color has-text-color has-link-color wp-elements-0d1b26ca2ee9d8e61a57823c2b55cf06\">Tarifs de mes soins \u00e9nerg\u00e9tiques<\/h2>\n\n\n\n<p class=\"has-text-align-center\"><\/p>\n\n\n\n<p><br>C\u2019est avec plaisir que je r\u00e9pondrai aux demandes de particuliers comme de professionnels. &nbsp;<br>Consultations sur rendez-vous<br>Interventions en pr\u00e9sentiel ou distanciel suivant les besoins, la proximit\u00e9 et diff\u00e9rents autres param\u00e8tres \u00e0 quantifier lors d&rsquo;un premier \u00e9change mail ou t\u00e9l\u00e9phonique<\/p>\n\n\n\n<p>Prestations \u00e0 partir de 60\u20ac\/h. Travail chez vous (ajoutez frais de d\u00e9placement) ou \u00e0 distance.<\/p>\n\n\n\n<p><\/p>\n\n\n<div class=\"wp-block-image\">\n<figure class=\"aligncenter size-full is-resized\"><img loading=\"lazy\" decoding=\"async\" width=\"405\" height=\"404\" src=\"https:\/\/feelharmonic.fr\/wp-content\/uploads\/2026\/03\/logo.jpg\" alt=\"\" class=\"wp-image-18\" style=\"width:126px;height:auto\" srcset=\"https:\/\/feelharmonic.fr\/wp-content\/uploads\/2026\/03\/logo.jpg 405w, https:\/\/feelharmonic.fr\/wp-content\/uploads\/2026\/03\/logo-300x300.jpg 300w, https:\/\/feelharmonic.fr\/wp-content\/uploads\/2026\/03\/logo-150x150.jpg 150w, https:\/\/feelharmonic.fr\/wp-content\/uploads\/2026\/03\/logo-75x75.jpg 75w\" sizes=\"auto, (max-width: 405px) 100vw, 405px\" \/><\/figure>\n<\/div>\n\n\n<p><\/p>\n","protected":false},"excerpt":{"rendered":"<p>Soins \u00c9nerg\u00e9tiques par le ressenti et la canalisation Depuis des mill\u00e9naires, chaque jour dans le monde, des femmes et des hommes imposent leurs mains pour soulager certains maux ou traumatismes. J&rsquo;interagis en harmonisant l&rsquo;\u00eatre avec son esprit par diff\u00e9rentes techniques de magn\u00e9tisme aid\u00e9 de mon ressenti en r\u00e9sonance sur le corps physique et dans son environnement subtil (parasites, m\u00e9moires des diff\u00e9rents corps \u00e9nerg\u00e9tiques). Je recherche \u00e9galement par r\u00e9sonance des ondes de forme avec le spectre des couleurs Chaumery\/B\u00e9lizal, les diff\u00e9rents blocages ou \u00ab\u00a0satellites impactants\u00a0\u00bb circulant dans vos \u00e9nergies. En compl\u00e9ment de mes pratiques, j&rsquo;utilise la m\u00e9thode des deux points (M2P) transmise par Frauke Kaluzinski qui est un outil de transformation par la conscience. Retrouvez la paix, la sant\u00e9, l&rsquo;\u00e9quilibre et l&rsquo;harmonie par une diffusion d&rsquo;\u00e9nergie vitale dans vos auras et corps \u00e9nerg\u00e9tiques, assist\u00e9e par la radiesth\u00e9sie et le d\u00e9codage biologique. \u00c0 qui s&rsquo;adresse-t-il ? Exemples de pathologies humaines:&#8211; Toutes les maladies de peaux (ecz\u00e9ma, Herp\u00e8s, Psoriasis, Verrues\u2026)&#8211; Diff\u00e9rentes allergies&#8211; Asthme et probl\u00e8mes li\u00e9s \u00e0 la respiration&#8211; Stress&#8211; Fatigue, insomnie&#8211; Douleurs articulaires et musculaires&#8211; M\u00e9moires cellulaires&#8211; Traumatismes physiques et \u00e9motionnels&#8211; Pr\u00e9parations aux examens\u2026 Exemples de pathologies animales:&#8211; Toutes les maladies de pelages et peaux&#8211; Diff\u00e9rentes allergies&#8211; Probl\u00e8mes li\u00e9s \u00e0 la respiration (coryza et autres)&#8211; Douleurs articulaires et musculaires&#8211; M\u00e9moires cellulaires&#8211; Traumatismes physiques et \u00e9motionnels Restaurez la dynamique naturelle de votre corps et de vos mouvements naturels. R\u00e9veillez et optimisez votre potentiel. Tarifs de mes soins \u00e9nerg\u00e9tiques C\u2019est avec plaisir que je r\u00e9pondrai aux demandes de particuliers comme de professionnels. &nbsp;Consultations sur rendez-vousInterventions en pr\u00e9sentiel ou distanciel suivant les besoins, la proximit\u00e9 et diff\u00e9rents autres param\u00e8tres \u00e0 quantifier lors d&rsquo;un premier \u00e9change mail ou t\u00e9l\u00e9phonique Prestations \u00e0 partir de 60\u20ac\/h. Travail chez vous (ajoutez frais de d\u00e9placement) ou \u00e0 distance.<\/p>\n","protected":false},"author":1,"featured_media":0,"parent":0,"menu_order":0,"comment_status":"closed","ping_status":"closed","template":"","meta":{"footnotes":""},"class_list":["post-101","page","type-page","status-publish","hentry"],"yoast_head":"<!-- This site is optimized with the Yoast SEO plugin v27.4 - https:\/\/yoast.com\/product\/yoast-seo-wordpress\/ -->\n<title>SOINS \u00c9NERG\u00c9TIQUES - MAGN\u00c9TISME - FEELHARMONIC - MICHEL LATOUCHE<\/title>\n<meta name=\"description\" content=\"soins \u00e9nerg\u00e9tiques-magn\u00e9tisme-lib\u00e9ration des blocages physiques-revitalisation des corps \u00e9nerg\u00e9tiques-zona-psoriasis-Rennes-Redon-Bretagne\" \/>\n<meta name=\"robots\" content=\"index, follow, max-snippet:-1, max-image-preview:large, max-video-preview:-1\" \/>\n<link rel=\"canonical\" href=\"https:\/\/feelharmonic.fr\/index.php\/soins-energetiques-magnetisme\/\" \/>\n<meta property=\"og:locale\" content=\"fr_FR\" \/>\n<meta property=\"og:type\" content=\"article\" \/>\n<meta property=\"og:title\" content=\"SOINS \u00c9NERG\u00c9TIQUES - MAGN\u00c9TISME - FEELHARMONIC - MICHEL LATOUCHE\" \/>\n<meta property=\"og:description\" content=\"soins \u00e9nerg\u00e9tiques-magn\u00e9tisme-lib\u00e9ration des blocages physiques-revitalisation des corps \u00e9nerg\u00e9tiques-zona-psoriasis-Rennes-Redon-Bretagne\" \/>\n<meta property=\"og:url\" content=\"https:\/\/feelharmonic.fr\/index.php\/soins-energetiques-magnetisme\/\" \/>\n<meta property=\"og:site_name\" content=\"FEELHARMONIC - MICHEL LATOUCHE\" \/>\n<meta property=\"article:modified_time\" content=\"2026-03-18T13:49:09+00:00\" \/>\n<meta property=\"og:image\" content=\"https:\/\/feelharmonic.fr\/wp-content\/uploads\/2026\/03\/IMG_20260318_120534-scaled.jpg\" \/>\n\t<meta property=\"og:image:width\" content=\"1441\" \/>\n\t<meta property=\"og:image:height\" content=\"2560\" \/>\n\t<meta property=\"og:image:type\" content=\"image\/jpeg\" \/>\n<meta name=\"twitter:card\" content=\"summary_large_image\" \/>\n<meta name=\"twitter:label1\" content=\"Dur\u00e9e de lecture estim\u00e9e\" \/>\n\t<meta name=\"twitter:data1\" content=\"2 minutes\" \/>\n<script type=\"application\/ld+json\" class=\"yoast-schema-graph\">{\"@context\":\"https:\\\/\\\/schema.org\",\"@graph\":[{\"@type\":\"WebPage\",\"@id\":\"https:\\\/\\\/feelharmonic.fr\\\/index.php\\\/soins-energetiques-magnetisme\\\/\",\"url\":\"https:\\\/\\\/feelharmonic.fr\\\/index.php\\\/soins-energetiques-magnetisme\\\/\",\"name\":\"SOINS \u00c9NERG\u00c9TIQUES - MAGN\u00c9TISME - FEELHARMONIC - MICHEL LATOUCHE\",\"isPartOf\":{\"@id\":\"https:\\\/\\\/feelharmonic.fr\\\/#website\"},\"primaryImageOfPage\":{\"@id\":\"https:\\\/\\\/feelharmonic.fr\\\/index.php\\\/soins-energetiques-magnetisme\\\/#primaryimage\"},\"image\":{\"@id\":\"https:\\\/\\\/feelharmonic.fr\\\/index.php\\\/soins-energetiques-magnetisme\\\/#primaryimage\"},\"thumbnailUrl\":\"https:\\\/\\\/feelharmonic.fr\\\/wp-content\\\/uploads\\\/2026\\\/03\\\/IMG_20260318_120534-scaled.jpg\",\"datePublished\":\"2026-03-12T15:37:49+00:00\",\"dateModified\":\"2026-03-18T13:49:09+00:00\",\"description\":\"soins \u00e9nerg\u00e9tiques-magn\u00e9tisme-lib\u00e9ration des blocages physiques-revitalisation des corps \u00e9nerg\u00e9tiques-zona-psoriasis-Rennes-Redon-Bretagne\",\"breadcrumb\":{\"@id\":\"https:\\\/\\\/feelharmonic.fr\\\/index.php\\\/soins-energetiques-magnetisme\\\/#breadcrumb\"},\"inLanguage\":\"fr-FR\",\"potentialAction\":[{\"@type\":\"ReadAction\",\"target\":[\"https:\\\/\\\/feelharmonic.fr\\\/index.php\\\/soins-energetiques-magnetisme\\\/\"]}]},{\"@type\":\"ImageObject\",\"inLanguage\":\"fr-FR\",\"@id\":\"https:\\\/\\\/feelharmonic.fr\\\/index.php\\\/soins-energetiques-magnetisme\\\/#primaryimage\",\"url\":\"https:\\\/\\\/feelharmonic.fr\\\/wp-content\\\/uploads\\\/2026\\\/03\\\/IMG_20260318_120534-scaled.jpg\",\"contentUrl\":\"https:\\\/\\\/feelharmonic.fr\\\/wp-content\\\/uploads\\\/2026\\\/03\\\/IMG_20260318_120534-scaled.jpg\",\"width\":1441,\"height\":2560},{\"@type\":\"BreadcrumbList\",\"@id\":\"https:\\\/\\\/feelharmonic.fr\\\/index.php\\\/soins-energetiques-magnetisme\\\/#breadcrumb\",\"itemListElement\":[{\"@type\":\"ListItem\",\"position\":1,\"name\":\"Home\",\"item\":\"https:\\\/\\\/feelharmonic.fr\\\/\"},{\"@type\":\"ListItem\",\"position\":2,\"name\":\"SOINS \u00c9NERG\u00c9TIQUES &#8211; MAGN\u00c9TISME\"}]},{\"@type\":\"WebSite\",\"@id\":\"https:\\\/\\\/feelharmonic.fr\\\/#website\",\"url\":\"https:\\\/\\\/feelharmonic.fr\\\/\",\"name\":\"FEELHARMONIC - MICHEL LATOUCHE\",\"description\":\"Harmonisation Instrumentale - G\u00e9obiologie - Soins \u00e9nerg\u00e9tiques\",\"potentialAction\":[{\"@type\":\"SearchAction\",\"target\":{\"@type\":\"EntryPoint\",\"urlTemplate\":\"https:\\\/\\\/feelharmonic.fr\\\/?s={search_term_string}\"},\"query-input\":{\"@type\":\"PropertyValueSpecification\",\"valueRequired\":true,\"valueName\":\"search_term_string\"}}],\"inLanguage\":\"fr-FR\"}]}<\/script>\n<!-- \/ Yoast SEO plugin. -->","yoast_head_json":{"title":"SOINS \u00c9NERG\u00c9TIQUES - MAGN\u00c9TISME - FEELHARMONIC - MICHEL LATOUCHE","description":"soins \u00e9nerg\u00e9tiques-magn\u00e9tisme-lib\u00e9ration des blocages physiques-revitalisation des corps \u00e9nerg\u00e9tiques-zona-psoriasis-Rennes-Redon-Bretagne","robots":{"index":"index","follow":"follow","max-snippet":"max-snippet:-1","max-image-preview":"max-image-preview:large","max-video-preview":"max-video-preview:-1"},"canonical":"https:\/\/feelharmonic.fr\/index.php\/soins-energetiques-magnetisme\/","og_locale":"fr_FR","og_type":"article","og_title":"SOINS \u00c9NERG\u00c9TIQUES - MAGN\u00c9TISME - FEELHARMONIC - MICHEL LATOUCHE","og_description":"soins \u00e9nerg\u00e9tiques-magn\u00e9tisme-lib\u00e9ration des blocages physiques-revitalisation des corps \u00e9nerg\u00e9tiques-zona-psoriasis-Rennes-Redon-Bretagne","og_url":"https:\/\/feelharmonic.fr\/index.php\/soins-energetiques-magnetisme\/","og_site_name":"FEELHARMONIC - MICHEL LATOUCHE","article_modified_time":"2026-03-18T13:49:09+00:00","og_image":[{"width":1441,"height":2560,"url":"https:\/\/feelharmonic.fr\/wp-content\/uploads\/2026\/03\/IMG_20260318_120534-scaled.jpg","type":"image\/jpeg"}],"twitter_card":"summary_large_image","twitter_misc":{"Dur\u00e9e de lecture estim\u00e9e":"2 minutes"},"schema":{"@context":"https:\/\/schema.org","@graph":[{"@type":"WebPage","@id":"https:\/\/feelharmonic.fr\/index.php\/soins-energetiques-magnetisme\/","url":"https:\/\/feelharmonic.fr\/index.php\/soins-energetiques-magnetisme\/","name":"SOINS \u00c9NERG\u00c9TIQUES - MAGN\u00c9TISME - FEELHARMONIC - MICHEL LATOUCHE","isPartOf":{"@id":"https:\/\/feelharmonic.fr\/#website"},"primaryImageOfPage":{"@id":"https:\/\/feelharmonic.fr\/index.php\/soins-energetiques-magnetisme\/#primaryimage"},"image":{"@id":"https:\/\/feelharmonic.fr\/index.php\/soins-energetiques-magnetisme\/#primaryimage"},"thumbnailUrl":"https:\/\/feelharmonic.fr\/wp-content\/uploads\/2026\/03\/IMG_20260318_120534-scaled.jpg","datePublished":"2026-03-12T15:37:49+00:00","dateModified":"2026-03-18T13:49:09+00:00","description":"soins \u00e9nerg\u00e9tiques-magn\u00e9tisme-lib\u00e9ration des blocages physiques-revitalisation des corps \u00e9nerg\u00e9tiques-zona-psoriasis-Rennes-Redon-Bretagne","breadcrumb":{"@id":"https:\/\/feelharmonic.fr\/index.php\/soins-energetiques-magnetisme\/#breadcrumb"},"inLanguage":"fr-FR","potentialAction":[{"@type":"ReadAction","target":["https:\/\/feelharmonic.fr\/index.php\/soins-energetiques-magnetisme\/"]}]},{"@type":"ImageObject","inLanguage":"fr-FR","@id":"https:\/\/feelharmonic.fr\/index.php\/soins-energetiques-magnetisme\/#primaryimage","url":"https:\/\/feelharmonic.fr\/wp-content\/uploads\/2026\/03\/IMG_20260318_120534-scaled.jpg","contentUrl":"https:\/\/feelharmonic.fr\/wp-content\/uploads\/2026\/03\/IMG_20260318_120534-scaled.jpg","width":1441,"height":2560},{"@type":"BreadcrumbList","@id":"https:\/\/feelharmonic.fr\/index.php\/soins-energetiques-magnetisme\/#breadcrumb","itemListElement":[{"@type":"ListItem","position":1,"name":"Home","item":"https:\/\/feelharmonic.fr\/"},{"@type":"ListItem","position":2,"name":"SOINS \u00c9NERG\u00c9TIQUES &#8211; MAGN\u00c9TISME"}]},{"@type":"WebSite","@id":"https:\/\/feelharmonic.fr\/#website","url":"https:\/\/feelharmonic.fr\/","name":"FEELHARMONIC - MICHEL LATOUCHE","description":"Harmonisation Instrumentale - G\u00e9obiologie - Soins \u00e9nerg\u00e9tiques","potentialAction":[{"@type":"SearchAction","target":{"@type":"EntryPoint","urlTemplate":"https:\/\/feelharmonic.fr\/?s={search_term_string}"},"query-input":{"@type":"PropertyValueSpecification","valueRequired":true,"valueName":"search_term_string"}}],"inLanguage":"fr-FR"}]}},"_links":{"self":[{"href":"https:\/\/feelharmonic.fr\/index.php\/wp-json\/wp\/v2\/pages\/101","targetHints":{"allow":["GET"]}}],"collection":[{"href":"https:\/\/feelharmonic.fr\/index.php\/wp-json\/wp\/v2\/pages"}],"about":[{"href":"https:\/\/feelharmonic.fr\/index.php\/wp-json\/wp\/v2\/types\/page"}],"author":[{"embeddable":true,"href":"https:\/\/feelharmonic.fr\/index.php\/wp-json\/wp\/v2\/users\/1"}],"replies":[{"embeddable":true,"href":"https:\/\/feelharmonic.fr\/index.php\/wp-json\/wp\/v2\/comments?post=101"}],"version-history":[{"count":15,"href":"https:\/\/feelharmonic.fr\/index.php\/wp-json\/wp\/v2\/pages\/101\/revisions"}],"predecessor-version":[{"id":214,"href":"https:\/\/feelharmonic.fr\/index.php\/wp-json\/wp\/v2\/pages\/101\/revisions\/214"}],"wp:attachment":[{"href":"https:\/\/feelharmonic.fr\/index.php\/wp-json\/wp\/v2\/media?parent=101"}],"curies":[{"name":"wp","href":"https:\/\/api.w.org\/{rel}","templated":true}]}}